{"id":2334,"date":"2022-03-30T14:40:09","date_gmt":"2022-03-30T14:40:09","guid":{"rendered":"https:\/\/madeiraandportosanto.belongstoall.com\/?page_id=2334"},"modified":"2022-06-24T10:32:12","modified_gmt":"2022-06-24T10:32:12","slug":"madeira-fuer-alle","status":"publish","type":"page","link":"https:\/\/madeiraandportosanto.belongstoall.com\/de\/","title":{"rendered":"Madeira f\u00fcr alle"},"content":{"rendered":"\n<p>Mit ihrer privilegierten Lage ist die Inselgruppe Madeira das perfekte Urlaubsziel schlechthin!<\/p>\n\n\n\n<p>Der Archipel Madeira liegt im Atlantischen Ozean, 1000 km vom europ\u00e4ischen Festland bzw. 700 km von Marokko entfernt. Mit t\u00e4glichen Direktverbindungen zu den wichtigsten europ\u00e4ischen sowie anderen Flugh\u00e4fen in der ganzen Welt war es noch nie so einfach, uns zu besuchen.<\/p>\n\n\n\n<p>Sie selbst bestimmen ihre Grenzen zwischen dem h\u00f6chsten Gipfel und dem tiefsten Tauchgang.<br>Ob Sie nun in die Natur eintauchen, sich am Strand aalen oder die lokale Kultur und K\u00fcche kennenlernen m\u00f6chten, die Inseln Madeira und Porto Santo bieten schier unbegrenzte M\u00f6glichkeiten f\u00fcr jeden Geschmack und zu jeder Jahreszeit. Das milde Klima mit einer durchschnittlichen Lufttemperatur zwischen 18\u00ba C im Winter und 24\u00ba C im Sommer macht Madeira zu einem echten Ganzjahres-Urlaubsziel.<\/p>\n","protected":false},"excerpt":{"rendered":"<p>Mit ihrer privilegierten Lage ist die Inselgruppe Madeira das perfekte Urlaubsziel schlechthin! Der Archipel Madeira liegt im Atlantischen Ozean, 1000 km vom europ\u00e4ischen Festland bzw. 700 km von Marokko entfernt. Mit t\u00e4glichen Direktverbindungen zu den wichtigsten europ\u00e4ischen sowie anderen Flugh\u00e4fen in der ganzen Welt war es noch nie so einfach, uns zu besuchen. Sie selbst &hellip; <a href=\"https:\/\/madeiraandportosanto.belongstoall.com\/de\/\">Continued<\/a><\/p>\n","protected":false},"author":3,"featured_media":2329,"parent":0,"menu_order":0,"comment_status":"closed","ping_status":"closed","template":"front-page.blade.php","meta":[],"acf":[],"yoast_head":"<!-- This site is optimized with the Yoast SEO plugin v17.8 - https:\/\/yoast.com\/wordpress\/plugins\/seo\/ -->\n<title>Madeira f\u00fcr alle - Madeira<\/title>\n<meta name=\"robots\" content=\"index, follow, max-snippet:-1, max-image-preview:large, max-video-preview:-1\" \/>\n<link rel=\"canonical\" href=\"https:\/\/madeiraandportosanto.belongstoall.com\/de\/\" \/>\n<meta property=\"og:locale\" content=\"de_DE\" \/>\n<meta property=\"og:type\" content=\"article\" \/>\n<meta property=\"og:title\" content=\"Madeira f\u00fcr alle - Madeira\" \/>\n<meta property=\"og:description\" content=\"Mit ihrer privilegierten Lage ist die Inselgruppe Madeira das perfekte Urlaubsziel schlechthin! Der Archipel Madeira liegt im Atlantischen Ozean, 1000 km vom europ\u00e4ischen Festland bzw. 700 km von Marokko entfernt. Mit t\u00e4glichen Direktverbindungen zu den wichtigsten europ\u00e4ischen sowie anderen Flugh\u00e4fen in der ganzen Welt war es noch nie so einfach, uns zu besuchen. Sie selbst &hellip; Continued\" \/>\n<meta property=\"og:url\" content=\"https:\/\/madeiraandportosanto.belongstoall.com\/de\/\" \/>\n<meta property=\"og:site_name\" content=\"Madeira\" \/>\n<meta property=\"article:modified_time\" content=\"2022-06-24T10:32:12+00:00\" \/>\n<meta property=\"og:image\" content=\"https:\/\/madeiraandportosanto.belongstoall.com\/app\/uploads\/2022\/03\/Imagem_Homepage_degrade-1.jpg\" \/>\n\t<meta property=\"og:image:width\" content=\"2000\" \/>\n\t<meta property=\"og:image:height\" content=\"1340\" \/>\n<meta name=\"twitter:card\" content=\"summary_large_image\" \/>\n<meta name=\"twitter:label1\" content=\"Est. reading time\" \/>\n\t<meta name=\"twitter:data1\" content=\"1 minute\" \/>\n<script type=\"application\/ld+json\" class=\"yoast-schema-graph\">{\"@context\":\"https:\/\/schema.org\",\"@graph\":[{\"@type\":\"WebSite\",\"@id\":\"https:\/\/mpb-brochura.dev2.server.diamondbybold.com\/#website\",\"url\":\"https:\/\/mpb-brochura.dev2.server.diamondbybold.com\/\",\"name\":\"Madeira\",\"description\":\"Madeira Brochura digital\",\"potentialAction\":[{\"@type\":\"SearchAction\",\"target\":{\"@type\":\"EntryPoint\",\"urlTemplate\":\"https:\/\/mpb-brochura.dev2.server.diamondbybold.com\/?s={search_term_string}\"},\"query-input\":\"required name=search_term_string\"}],\"inLanguage\":\"de-DE\"},{\"@type\":\"ImageObject\",\"@id\":\"https:\/\/madeiraandportosanto.belongstoall.com\/de\/#primaryimage\",\"inLanguage\":\"de-DE\",\"url\":\"https:\/\/madeiraandportosanto.belongstoall.com\/app\/uploads\/2022\/03\/Imagem_Homepage_degrade-1.jpg\",\"contentUrl\":\"https:\/\/madeiraandportosanto.belongstoall.com\/app\/uploads\/2022\/03\/Imagem_Homepage_degrade-1.jpg\",\"width\":2000,\"height\":1340},{\"@type\":\"WebPage\",\"@id\":\"https:\/\/madeiraandportosanto.belongstoall.com\/de\/#webpage\",\"url\":\"https:\/\/madeiraandportosanto.belongstoall.com\/de\/\",\"name\":\"Madeira f\\u00fcr alle - Madeira\",\"isPartOf\":{\"@id\":\"https:\/\/mpb-brochura.dev2.server.diamondbybold.com\/#website\"},\"primaryImageOfPage\":{\"@id\":\"https:\/\/madeiraandportosanto.belongstoall.com\/de\/#primaryimage\"},\"datePublished\":\"2022-03-30T14:40:09+00:00\",\"dateModified\":\"2022-06-24T10:32:12+00:00\",\"breadcrumb\":{\"@id\":\"https:\/\/madeiraandportosanto.belongstoall.com\/de\/#breadcrumb\"},\"inLanguage\":\"de-DE\",\"potentialAction\":[{\"@type\":\"ReadAction\",\"target\":[\"https:\/\/madeiraandportosanto.belongstoall.com\/de\/\"]}]},{\"@type\":\"BreadcrumbList\",\"@id\":\"https:\/\/madeiraandportosanto.belongstoall.com\/de\/#breadcrumb\",\"itemListElement\":[{\"@type\":\"ListItem\",\"position\":1,\"name\":\"Home\",\"item\":\"https:\/\/madeiraandportosanto.belongstoall.com\/de\/\"},{\"@type\":\"ListItem\",\"position\":2,\"name\":\"Madeira f\\u00fcr alle\"}]}]}<\/script>\n<!-- \/ Yoast SEO plugin. -->","yoast_head_json":{"title":"Madeira f\u00fcr alle - Madeira","robots":{"index":"index","follow":"follow","max-snippet":"max-snippet:-1","max-image-preview":"max-image-preview:large","max-video-preview":"max-video-preview:-1"},"canonical":"https:\/\/madeiraandportosanto.belongstoall.com\/de\/","og_locale":"de_DE","og_type":"article","og_title":"Madeira f\u00fcr alle - Madeira","og_description":"Mit ihrer privilegierten Lage ist die Inselgruppe Madeira das perfekte Urlaubsziel schlechthin! Der Archipel Madeira liegt im Atlantischen Ozean, 1000 km vom europ\u00e4ischen Festland bzw. 700 km von Marokko entfernt. Mit t\u00e4glichen Direktverbindungen zu den wichtigsten europ\u00e4ischen sowie anderen Flugh\u00e4fen in der ganzen Welt war es noch nie so einfach, uns zu besuchen. Sie selbst &hellip; Continued","og_url":"https:\/\/madeiraandportosanto.belongstoall.com\/de\/","og_site_name":"Madeira","article_modified_time":"2022-06-24T10:32:12+00:00","og_image":[{"width":2000,"height":1340,"url":"https:\/\/madeiraandportosanto.belongstoall.com\/app\/uploads\/2022\/03\/Imagem_Homepage_degrade-1.jpg","type":"image\/jpeg"}],"twitter_card":"summary_large_image","twitter_misc":{"Est. reading time":"1 minute"},"schema":{"@context":"https:\/\/schema.org","@graph":[{"@type":"WebSite","@id":"https:\/\/mpb-brochura.dev2.server.diamondbybold.com\/#website","url":"https:\/\/mpb-brochura.dev2.server.diamondbybold.com\/","name":"Madeira","description":"Madeira Brochura digital","potentialAction":[{"@type":"SearchAction","target":{"@type":"EntryPoint","urlTemplate":"https:\/\/mpb-brochura.dev2.server.diamondbybold.com\/?s={search_term_string}"},"query-input":"required name=search_term_string"}],"inLanguage":"de-DE"},{"@type":"ImageObject","@id":"https:\/\/madeiraandportosanto.belongstoall.com\/de\/#primaryimage","inLanguage":"de-DE","url":"https:\/\/madeiraandportosanto.belongstoall.com\/app\/uploads\/2022\/03\/Imagem_Homepage_degrade-1.jpg","contentUrl":"https:\/\/madeiraandportosanto.belongstoall.com\/app\/uploads\/2022\/03\/Imagem_Homepage_degrade-1.jpg","width":2000,"height":1340},{"@type":"WebPage","@id":"https:\/\/madeiraandportosanto.belongstoall.com\/de\/#webpage","url":"https:\/\/madeiraandportosanto.belongstoall.com\/de\/","name":"Madeira f\u00fcr alle - Madeira","isPartOf":{"@id":"https:\/\/mpb-brochura.dev2.server.diamondbybold.com\/#website"},"primaryImageOfPage":{"@id":"https:\/\/madeiraandportosanto.belongstoall.com\/de\/#primaryimage"},"datePublished":"2022-03-30T14:40:09+00:00","dateModified":"2022-06-24T10:32:12+00:00","breadcrumb":{"@id":"https:\/\/madeiraandportosanto.belongstoall.com\/de\/#breadcrumb"},"inLanguage":"de-DE","potentialAction":[{"@type":"ReadAction","target":["https:\/\/madeiraandportosanto.belongstoall.com\/de\/"]}]},{"@type":"BreadcrumbList","@id":"https:\/\/madeiraandportosanto.belongstoall.com\/de\/#breadcrumb","itemListElement":[{"@type":"ListItem","position":1,"name":"Home","item":"https:\/\/madeiraandportosanto.belongstoall.com\/de\/"},{"@type":"ListItem","position":2,"name":"Madeira f\u00fcr alle"}]}]}},"_links":{"self":[{"href":"https:\/\/madeiraandportosanto.belongstoall.com\/de\/wp-json\/wp\/v2\/pages\/2334"}],"collection":[{"href":"https:\/\/madeiraandportosanto.belongstoall.com\/de\/wp-json\/wp\/v2\/pages"}],"about":[{"href":"https:\/\/madeiraandportosanto.belongstoall.com\/de\/wp-json\/wp\/v2\/types\/page"}],"author":[{"embeddable":true,"href":"https:\/\/madeiraandportosanto.belongstoall.com\/de\/wp-json\/wp\/v2\/users\/3"}],"replies":[{"embeddable":true,"href":"https:\/\/madeiraandportosanto.belongstoall.com\/de\/wp-json\/wp\/v2\/comments?post=2334"}],"version-history":[{"count":5,"href":"https:\/\/madeiraandportosanto.belongstoall.com\/de\/wp-json\/wp\/v2\/pages\/2334\/revisions"}],"predecessor-version":[{"id":7392,"href":"https:\/\/madeiraandportosanto.belongstoall.com\/de\/wp-json\/wp\/v2\/pages\/2334\/revisions\/7392"}],"wp:featuredmedia":[{"embeddable":true,"href":"https:\/\/madeiraandportosanto.belongstoall.com\/de\/wp-json\/wp\/v2\/media\/2329"}],"wp:attachment":[{"href":"https:\/\/madeiraandportosanto.belongstoall.com\/de\/wp-json\/wp\/v2\/media?parent=2334"}],"curies":[{"name":"wp","href":"https:\/\/api.w.org\/{rel}","templated":true}]}}