{"id":3757,"date":"2022-01-10T19:20:43","date_gmt":"2022-01-10T19:20:43","guid":{"rendered":"https:\/\/madeiraandportosanto.belongstoall.com\/home\/"},"modified":"2022-06-24T11:05:45","modified_gmt":"2022-06-24T11:05:45","slug":"madeira-para-todos","status":"publish","type":"page","link":"https:\/\/madeiraandportosanto.belongstoall.com\/es\/","title":{"rendered":"Madeira para todos"},"content":{"rendered":"\n<p>Gracias a su ubicaci\u00f3n privilegiada, \u00a1el archipi\u00e9lago de Madeira es el destino perfecto para tus vacaciones!<\/p>\n\n\n\n<p>Ba\u00f1ado por las aguas del Atl\u00e1ntico, el archipi\u00e9lago se encuentra a 1000 km del continente europeo y a 700 km de Marruecos. Con vuelos directos diarios a los principales aeropuertos europeos, as\u00ed como al resto del mundo, nunca ha sido tan f\u00e1cil visitarnos.<\/p>\n\n\n\n<p>Entre o pico mais alto e o mergulho mais profundo, os limites s\u00e3o impostos aEntre el pico m\u00e1s alto y la inmersi\u00f3n m\u00e1s profunda, los l\u00edmites solo los impones t\u00fa.<br>Quer esteja \u00e0 procura de se envolver com a Natureza, relaxar junto ao mar Si lo que buscas es sumergirte en la naturaleza, relajarte frente al mar o disfrutar de la cultura y la gastronom\u00eda locales, las islas de Madeira y Porto Santo son opciones incre\u00edbles para todos los gustos y en cualquier \u00e9poca del a\u00f1o, 365 d\u00edas del a\u00f1o.<\/p>\n","protected":false},"excerpt":{"rendered":"<p>Gracias a su ubicaci\u00f3n privilegiada, \u00a1el archipi\u00e9lago de Madeira es el destino perfecto para tus vacaciones! Ba\u00f1ado por las aguas del Atl\u00e1ntico, el archipi\u00e9lago se encuentra a 1000 km del continente europeo y a 700 km de Marruecos. Con vuelos directos diarios a los principales aeropuertos europeos, as\u00ed como al resto del mundo, nunca ha &hellip; <a href=\"https:\/\/madeiraandportosanto.belongstoall.com\/es\/\">Continued<\/a><\/p>\n","protected":false},"author":3,"featured_media":3013,"parent":0,"menu_order":0,"comment_status":"closed","ping_status":"closed","template":"front-page.blade.php","meta":[],"acf":[],"yoast_head":"<!-- This site is optimized with the Yoast SEO plugin v17.8 - https:\/\/yoast.com\/wordpress\/plugins\/seo\/ -->\n<title>Madeira para todos - Madeira<\/title>\n<meta name=\"robots\" content=\"index, follow, max-snippet:-1, max-image-preview:large, max-video-preview:-1\" \/>\n<link rel=\"canonical\" href=\"https:\/\/madeiraandportosanto.belongstoall.com\/es\/\" \/>\n<meta property=\"og:locale\" content=\"es_ES\" \/>\n<meta property=\"og:type\" content=\"article\" \/>\n<meta property=\"og:title\" content=\"Madeira para todos - Madeira\" \/>\n<meta property=\"og:description\" content=\"Gracias a su ubicaci\u00f3n privilegiada, \u00a1el archipi\u00e9lago de Madeira es el destino perfecto para tus vacaciones! Ba\u00f1ado por las aguas del Atl\u00e1ntico, el archipi\u00e9lago se encuentra a 1000 km del continente europeo y a 700 km de Marruecos. Con vuelos directos diarios a los principales aeropuertos europeos, as\u00ed como al resto del mundo, nunca ha &hellip; Continued\" \/>\n<meta property=\"og:url\" content=\"https:\/\/madeiraandportosanto.belongstoall.com\/es\/\" \/>\n<meta property=\"og:site_name\" content=\"Madeira\" \/>\n<meta property=\"article:modified_time\" content=\"2022-06-24T11:05:45+00:00\" \/>\n<meta property=\"og:image\" content=\"https:\/\/madeiraandportosanto.belongstoall.com\/app\/uploads\/2022\/03\/Imagem_Homepage_degrade-1.jpg\" \/>\n\t<meta property=\"og:image:width\" content=\"2000\" \/>\n\t<meta property=\"og:image:height\" content=\"1340\" \/>\n<meta name=\"twitter:card\" content=\"summary_large_image\" \/>\n<meta name=\"twitter:label1\" content=\"Est. reading time\" \/>\n\t<meta name=\"twitter:data1\" content=\"1 minute\" \/>\n<script type=\"application\/ld+json\" class=\"yoast-schema-graph\">{\"@context\":\"https:\/\/schema.org\",\"@graph\":[{\"@type\":\"WebSite\",\"@id\":\"https:\/\/mpb-brochura.dev2.server.diamondbybold.com\/#website\",\"url\":\"https:\/\/mpb-brochura.dev2.server.diamondbybold.com\/\",\"name\":\"Madeira\",\"description\":\"Madeira Brochura digital\",\"potentialAction\":[{\"@type\":\"SearchAction\",\"target\":{\"@type\":\"EntryPoint\",\"urlTemplate\":\"https:\/\/mpb-brochura.dev2.server.diamondbybold.com\/?s={search_term_string}\"},\"query-input\":\"required name=search_term_string\"}],\"inLanguage\":\"es-ES\"},{\"@type\":\"ImageObject\",\"@id\":\"https:\/\/madeiraandportosanto.belongstoall.com\/es\/#primaryimage\",\"inLanguage\":\"es-ES\",\"url\":\"https:\/\/madeiraandportosanto.belongstoall.com\/app\/uploads\/2022\/03\/Imagem_Homepage_degrade-1.jpg\",\"contentUrl\":\"https:\/\/madeiraandportosanto.belongstoall.com\/app\/uploads\/2022\/03\/Imagem_Homepage_degrade-1.jpg\",\"width\":2000,\"height\":1340},{\"@type\":\"WebPage\",\"@id\":\"https:\/\/madeiraandportosanto.belongstoall.com\/es\/#webpage\",\"url\":\"https:\/\/madeiraandportosanto.belongstoall.com\/es\/\",\"name\":\"Madeira para todos - Madeira\",\"isPartOf\":{\"@id\":\"https:\/\/mpb-brochura.dev2.server.diamondbybold.com\/#website\"},\"primaryImageOfPage\":{\"@id\":\"https:\/\/madeiraandportosanto.belongstoall.com\/es\/#primaryimage\"},\"datePublished\":\"2022-01-10T19:20:43+00:00\",\"dateModified\":\"2022-06-24T11:05:45+00:00\",\"breadcrumb\":{\"@id\":\"https:\/\/madeiraandportosanto.belongstoall.com\/es\/#breadcrumb\"},\"inLanguage\":\"es-ES\",\"potentialAction\":[{\"@type\":\"ReadAction\",\"target\":[\"https:\/\/madeiraandportosanto.belongstoall.com\/es\/\"]}]},{\"@type\":\"BreadcrumbList\",\"@id\":\"https:\/\/madeiraandportosanto.belongstoall.com\/es\/#breadcrumb\",\"itemListElement\":[{\"@type\":\"ListItem\",\"position\":1,\"name\":\"Home\",\"item\":\"https:\/\/madeiraandportosanto.belongstoall.com\/es\/\"},{\"@type\":\"ListItem\",\"position\":2,\"name\":\"Madeira para todos\"}]}]}<\/script>\n<!-- \/ Yoast SEO plugin. -->","yoast_head_json":{"title":"Madeira para todos - Madeira","robots":{"index":"index","follow":"follow","max-snippet":"max-snippet:-1","max-image-preview":"max-image-preview:large","max-video-preview":"max-video-preview:-1"},"canonical":"https:\/\/madeiraandportosanto.belongstoall.com\/es\/","og_locale":"es_ES","og_type":"article","og_title":"Madeira para todos - Madeira","og_description":"Gracias a su ubicaci\u00f3n privilegiada, \u00a1el archipi\u00e9lago de Madeira es el destino perfecto para tus vacaciones! Ba\u00f1ado por las aguas del Atl\u00e1ntico, el archipi\u00e9lago se encuentra a 1000 km del continente europeo y a 700 km de Marruecos. Con vuelos directos diarios a los principales aeropuertos europeos, as\u00ed como al resto del mundo, nunca ha &hellip; Continued","og_url":"https:\/\/madeiraandportosanto.belongstoall.com\/es\/","og_site_name":"Madeira","article_modified_time":"2022-06-24T11:05:45+00:00","og_image":[{"width":2000,"height":1340,"url":"https:\/\/madeiraandportosanto.belongstoall.com\/app\/uploads\/2022\/03\/Imagem_Homepage_degrade-1.jpg","type":"image\/jpeg"}],"twitter_card":"summary_large_image","twitter_misc":{"Est. reading time":"1 minute"},"schema":{"@context":"https:\/\/schema.org","@graph":[{"@type":"WebSite","@id":"https:\/\/mpb-brochura.dev2.server.diamondbybold.com\/#website","url":"https:\/\/mpb-brochura.dev2.server.diamondbybold.com\/","name":"Madeira","description":"Madeira Brochura digital","potentialAction":[{"@type":"SearchAction","target":{"@type":"EntryPoint","urlTemplate":"https:\/\/mpb-brochura.dev2.server.diamondbybold.com\/?s={search_term_string}"},"query-input":"required name=search_term_string"}],"inLanguage":"es-ES"},{"@type":"ImageObject","@id":"https:\/\/madeiraandportosanto.belongstoall.com\/es\/#primaryimage","inLanguage":"es-ES","url":"https:\/\/madeiraandportosanto.belongstoall.com\/app\/uploads\/2022\/03\/Imagem_Homepage_degrade-1.jpg","contentUrl":"https:\/\/madeiraandportosanto.belongstoall.com\/app\/uploads\/2022\/03\/Imagem_Homepage_degrade-1.jpg","width":2000,"height":1340},{"@type":"WebPage","@id":"https:\/\/madeiraandportosanto.belongstoall.com\/es\/#webpage","url":"https:\/\/madeiraandportosanto.belongstoall.com\/es\/","name":"Madeira para todos - Madeira","isPartOf":{"@id":"https:\/\/mpb-brochura.dev2.server.diamondbybold.com\/#website"},"primaryImageOfPage":{"@id":"https:\/\/madeiraandportosanto.belongstoall.com\/es\/#primaryimage"},"datePublished":"2022-01-10T19:20:43+00:00","dateModified":"2022-06-24T11:05:45+00:00","breadcrumb":{"@id":"https:\/\/madeiraandportosanto.belongstoall.com\/es\/#breadcrumb"},"inLanguage":"es-ES","potentialAction":[{"@type":"ReadAction","target":["https:\/\/madeiraandportosanto.belongstoall.com\/es\/"]}]},{"@type":"BreadcrumbList","@id":"https:\/\/madeiraandportosanto.belongstoall.com\/es\/#breadcrumb","itemListElement":[{"@type":"ListItem","position":1,"name":"Home","item":"https:\/\/madeiraandportosanto.belongstoall.com\/es\/"},{"@type":"ListItem","position":2,"name":"Madeira para todos"}]}]}},"_links":{"self":[{"href":"https:\/\/madeiraandportosanto.belongstoall.com\/es\/wp-json\/wp\/v2\/pages\/3757"}],"collection":[{"href":"https:\/\/madeiraandportosanto.belongstoall.com\/es\/wp-json\/wp\/v2\/pages"}],"about":[{"href":"https:\/\/madeiraandportosanto.belongstoall.com\/es\/wp-json\/wp\/v2\/types\/page"}],"author":[{"embeddable":true,"href":"https:\/\/madeiraandportosanto.belongstoall.com\/es\/wp-json\/wp\/v2\/users\/3"}],"replies":[{"embeddable":true,"href":"https:\/\/madeiraandportosanto.belongstoall.com\/es\/wp-json\/wp\/v2\/comments?post=3757"}],"version-history":[{"count":8,"href":"https:\/\/madeiraandportosanto.belongstoall.com\/es\/wp-json\/wp\/v2\/pages\/3757\/revisions"}],"predecessor-version":[{"id":7407,"href":"https:\/\/madeiraandportosanto.belongstoall.com\/es\/wp-json\/wp\/v2\/pages\/3757\/revisions\/7407"}],"wp:featuredmedia":[{"embeddable":true,"href":"https:\/\/madeiraandportosanto.belongstoall.com\/es\/wp-json\/wp\/v2\/media\/3013"}],"wp:attachment":[{"href":"https:\/\/madeiraandportosanto.belongstoall.com\/es\/wp-json\/wp\/v2\/media?parent=3757"}],"curies":[{"name":"wp","href":"https:\/\/api.w.org\/{rel}","templated":true}]}}