{"id":3760,"date":"2022-01-10T19:20:20","date_gmt":"2022-01-10T19:20:20","guid":{"rendered":"https:\/\/madeiraandportosanto.belongstoall.com\/contactos\/"},"modified":"2022-01-10T19:20:20","modified_gmt":"2022-01-10T19:20:20","slug":"contactos","status":"publish","type":"page","link":"https:\/\/madeiraandportosanto.belongstoall.com\/es\/contactos\/","title":{"rendered":"Contactos"},"content":{"rendered":"\n<div class=\"mt-10\">\n  <div class=\"paragraph flex md:flex-row flex-col justify-between\">\n\n    <div class=\"contact-column flex flex-col mr-20\">\n      <div class=\"contact-group flex flex-col \" style=\"margin-bottom: 20px;\">\n        <div class=\"contact\">N\u00famero Europeu de Emerg\u00eancia<\/div>\n        <div class=\"number flex flex-row\">\n          <img width=\"15\" class=\"mr-1\" src=\"\/app\/themes\/madeira\/resources\/assets\/images\/icones_contactos-01.svg\">112\n        <\/div>\n      <\/div>\n      <div class=\"contact-group flex flex-col \" style=\"margin-bottom: 20px;\">\n        <div class=\"contact\">Hospital<\/div>\n        <div class=\"number flex flex-row\">\n          <img width=\"15\" class=\"mr-1\" src=\"\/app\/themes\/madeira\/resources\/assets\/images\/icones_contactos-01.svg\">(+351) 291 705 600\n        <\/div>\n        <div class=\"number flex flex-row\">\n          <img width=\"15\" class=\"mr-1\" src=\"\/app\/themes\/madeira\/resources\/assets\/images\/icones_contactos-02.svg\">ssocialhm@srs.pt\n        <\/div>\n        <div class=\"number flex flex-row\">\n          <img width=\"15\" class=\"mr-1\" src=\"\/app\/themes\/madeira\/resources\/assets\/images\/icones_contactos-03.svg\">www.sesaram.pt\n        <\/div>\n      <\/div>\n      <div class=\"contact-group flex flex-col \" style=\"margin-bottom: 20px;\">\n        <div class=\"contact\">SMS &#8211; Servi\u00e7os m\u00e9dicos de Urg\u00eancia<\/div>\n        <div class=\"number flex flex-row\">\n          <img width=\"15\" class=\"mr-1\" src=\"\/app\/themes\/madeira\/resources\/assets\/images\/icones_contactos-01.svg\">(+351) 291 204 480\n        <\/div>\n        <div class=\"number flex flex-row\">\n          (+351) 927 813 729\n        <\/div>\n        <div class=\"number flex flex-row\">\n          <img width=\"15\" class=\"mr-1\" src=\"\/app\/themes\/madeira\/resources\/assets\/images\/icones_contactos-02.svg\">geral@servicosmedicos.com\n        <\/div>\n        <div class=\"number flex flex-row\">\n          <img width=\"15\" class=\"mr-1\" src=\"\/app\/themes\/madeira\/resources\/assets\/images\/icones_contactos-03.svg\">www.servicosmedicos.com\n        <\/div>\n      <\/div>\n      <div class=\"contact-group flex flex-col \" style=\"margin-bottom: 20px;\">\n        <div class=\"contact\">Servi\u00e7o Regional de Prote\u00e7\u00e3o Civil, IP &#8211; RAM<\/div>\n        <div class=\"number flex flex-row\">\n          <img width=\"15\" class=\"mr-1\" src=\"\/app\/themes\/madeira\/resources\/assets\/images\/icones_contactos-01.svg\">(+351) 291 700 112\n        <\/div>\n        <div class=\"number flex flex-row\">\n          (+351) 961 943 303\n        <\/div>\n        <div class=\"number flex flex-row\">\n          <img width=\"15\" class=\"mr-1\" src=\"\/app\/themes\/madeira\/resources\/assets\/images\/icones_contactos-02.svg\">srpc@gov-madeira.pt\n        <\/div>\n        <div class=\"number flex flex-row\">\n          <img width=\"15\" class=\"mr-1\" src=\"\/app\/themes\/madeira\/resources\/assets\/images\/icones_contactos-03.svg\">www.procivmadeira.pt\n        <\/div>\n      <\/div>\n      <div class=\"contact-group flex flex-col \" style=\"margin-bottom: 20px;\">\n        <div class=\"contact\">SANAS &#8211; Socorro no Mar &#8211; Emergency at Sea<\/div>\n        <div class=\"number flex flex-row\">\n          <img width=\"15\" class=\"mr-1\" src=\"\/app\/themes\/madeira\/resources\/assets\/images\/icones_contactos-01.svg\">(+351) 291 230 112\n        <\/div>\n        <div class=\"number flex flex-row\">\n          <img width=\"15\" class=\"mr-1\" src=\"\/app\/themes\/madeira\/resources\/assets\/images\/icones_contactos-02.svg\">secgeral@sanasmaderia.pt\n        <\/div>\n        <div class=\"number flex flex-row\">\n          <img width=\"15\" class=\"mr-1\" src=\"\/app\/themes\/madeira\/resources\/assets\/images\/icones_contactos-03.svg\">www.sanasmaderia.pt\n        <\/div>\n      <\/div>\n      <div class=\"contact-group flex flex-col \" style=\"margin-bottom: 20px;\">\n        <div class=\"contact\">Via Litoral Emergency Road Service (Cani\u00e7al\/Ribeira Brava)<\/div>\n        <div class=\"number flex flex-row\">\n          <img width=\"15\" class=\"mr-1\" src=\"\/app\/themes\/madeira\/resources\/assets\/images\/icones_contactos-01.svg\">800 290 290\n        <\/div>\n        <div class=\"number flex flex-row\">\n          <img width=\"15\" class=\"mr-1\" src=\"\/app\/themes\/madeira\/resources\/assets\/images\/icones_contactos-02.svg\">vialitoral@vialitoral.com\n        <\/div>\n        <div class=\"number flex flex-row\">\n          <img width=\"15\" class=\"mr-1\" src=\"\/app\/themes\/madeira\/resources\/assets\/images\/icones_contactos-03.svg\">www.vialitoral.com\n        <\/div>\n      <\/div>\n    <\/div>\n    <div class=\"contact-column flex flex-col\">\n      <div class=\"contact-group flex flex-col \" style=\"margin-bottom: 20px;\">\n        <div class=\"contact\">Via Expresso &#8211; Emergency Road Service (S\u00e3o Vicente, Porto Moniz, Santana, Calheta)<\/div>\n        <div class=\"number flex flex-row\">\n          <img width=\"15\" class=\"mr-1\" src=\"\/app\/themes\/madeira\/resources\/assets\/images\/icones_contactos-01.svg\">800 203 040\n        <\/div>\n        <div class=\"number flex flex-row\">\n          <img width=\"15\" class=\"mr-1\" src=\"\/app\/themes\/madeira\/resources\/assets\/images\/icones_contactos-02.svg\">geral@viaexpresso.com\n        <\/div>\n        <div class=\"number flex flex-row\">\n          <img width=\"15\" class=\"mr-1\" src=\"\/app\/themes\/madeira\/resources\/assets\/images\/icones_contactos-03.svg\">www.viaexpresso.com\n        <\/div>\n      <\/div>\n      <div class=\"contact-group flex flex-col \" style=\"margin-bottom: 20px;\">\n        <div class=\"contact\">Bombeiros Municipais do Funchal<\/div>\n        <div class=\"number flex flex-row\">\n          <img width=\"15\" class=\"mr-1\" src=\"\/app\/themes\/madeira\/resources\/assets\/images\/icones_contactos-01.svg\">(+351) 291 200 930\n        <\/div>\n        <div class=\"number flex flex-row\">\n          <img width=\"15\" class=\"mr-1\" src=\"\/app\/themes\/madeira\/resources\/assets\/images\/icones_contactos-02.svg\">bmf@netmadeira.com\n        <\/div>\n        <div class=\"number flex flex-row\">\n          <img width=\"15\" class=\"mr-1\" src=\"\/app\/themes\/madeira\/resources\/assets\/images\/icones_contactos-03.svg\">www.cm-funchal.pt\n        <\/div>\n      <\/div>\n      <div class=\"contact-group flex flex-col \" style=\"margin-bottom: 20px;\">\n        <div class=\"contact\">Bombeiros Volunt\u00e1rios Madeirenses<\/div>\n        <div class=\"number flex flex-row\">\n          <img width=\"15\" class=\"mr-1\" src=\"\/app\/themes\/madeira\/resources\/assets\/images\/icones_contactos-01.svg\">(+351) 291 225 067\n        <\/div>\n        <div class=\"number flex flex-row\">\n          (+351) 291 223 056\n        <\/div>\n        <div class=\"number flex flex-row\">\n          <img width=\"15\" class=\"mr-1\" src=\"\/app\/themes\/madeira\/resources\/assets\/images\/icones_contactos-02.svg\">bvm@netmadeira.com\n        <\/div>\n        <div class=\"number flex flex-row\">\n          <img width=\"15\" class=\"mr-1\" src=\"\/app\/themes\/madeira\/resources\/assets\/images\/icones_contactos-03.svg\">www.ahbvm.pt\n        <\/div>\n      <\/div>\n      <div class=\"contact-group flex flex-col \" style=\"margin-bottom: 20px;\">\n        <div class=\"contact\">Pol\u00edcia de Seguran\u00e7a P\u00fablica &#8211; PSP<\/div>\n        <div class=\"number flex flex-row\">\n          <img width=\"15\" class=\"mr-1\" src=\"\/app\/themes\/madeira\/resources\/assets\/images\/icones_contactos-01.svg\">(+351) 291 208 400\n        <\/div>\n        <div class=\"number flex flex-row\">\n          <img width=\"15\" class=\"mr-1\" src=\"\/app\/themes\/madeira\/resources\/assets\/images\/icones_contactos-02.svg\">crmadeira@psp.pt\n        <\/div>\n        <div class=\"number flex flex-row\">\n          <img width=\"15\" class=\"mr-1\" src=\"\/app\/themes\/madeira\/resources\/assets\/images\/icones_contactos-03.svg\">www.psp.pt\n        <\/div>\n      <\/div>\n      <div class=\"contact-group flex flex-col \" style=\"margin-bottom: 20px;\">\n        <div class=\"contact\">Pol\u00edcia Judici\u00e1ria &#8211; PJ<\/div>\n        <div class=\"number flex flex-row\">\n          <img width=\"15\" class=\"mr-1\" src=\"\/app\/themes\/madeira\/resources\/assets\/images\/icones_contactos-01.svg\">(+351) 291 220 800\n        <\/div>\n        <div class=\"number flex flex-row\">\n          <img width=\"15\" class=\"mr-1\" src=\"\/app\/themes\/madeira\/resources\/assets\/images\/icones_contactos-02.svg\">dic.funchal@pj.pt\n        <\/div>\n        <div class=\"number flex flex-row\">\n          <img width=\"15\" class=\"mr-1\" src=\"\/app\/themes\/madeira\/resources\/assets\/images\/icones_contactos-03.svg\">www.policiajudiciaria.pt\n        <\/div>\n      <\/div>\n      <div class=\"contact-group flex flex-col \" style=\"margin-bottom: 20px;\">\n        <div class=\"contact\">Guarda Nacional Republicana &#8211; GNR<\/div>\n        <div class=\"number flex flex-row\">\n          <img width=\"15\" class=\"mr-1\" src=\"\/app\/themes\/madeira\/resources\/assets\/images\/icones_contactos-01.svg\">(+351) 291 214 460\n        <\/div>\n        <div class=\"number flex flex-row\">\n          <img width=\"15\" class=\"mr-1\" src=\"\/app\/themes\/madeira\/resources\/assets\/images\/icones_contactos-02.svg\">ct.mad.dfun.pfun@gnr.pt\n        <\/div>\n        <div class=\"number flex flex-row\">\n          <img width=\"15\" class=\"mr-1\" src=\"\/app\/themes\/madeira\/resources\/assets\/images\/icones_contactos-03.svg\">www.gnr.pt\n        <\/div>\n      <\/div>\n      <div class=\"contact-group flex flex-col \" style=\"margin-bottom: 20px;\">\n        <div class=\"contact\">Pol\u00edcia Mar\u00edtima &#8211; PM<\/div>\n        <div class=\"number flex flex-row\">\n          <img width=\"15\" class=\"mr-1\" src=\"\/app\/themes\/madeira\/resources\/assets\/images\/icones_contactos-01.svg\">(+351) 916 600 707\n        <\/div>\n        <div class=\"number flex flex-row\">\n          <img width=\"15\" class=\"mr-1\" src=\"\/app\/themes\/madeira\/resources\/assets\/images\/icones_contactos-02.svg\">policiamaritima.funchal@amn.pt\n        <\/div>\n        <div class=\"number flex flex-row\">\n          <img width=\"15\" class=\"mr-1\" src=\"\/app\/themes\/madeira\/resources\/assets\/images\/icones_contactos-03.svg\">www.amn.pt\n        <\/div>\n      <\/div>\n    <\/div>\n  <\/div>\n<\/div>\n","protected":false},"excerpt":{"rendered":"<p>N\u00famero Europeu de Emerg\u00eancia 112 Hospital (+351) 291 705 600 ssocialhm@srs.pt www.sesaram.pt SMS &#8211; Servi\u00e7os m\u00e9dicos de Urg\u00eancia (+351) 291 204 480 (+351) 927 813 729 geral@servicosmedicos.com www.servicosmedicos.com Servi\u00e7o Regional de Prote\u00e7\u00e3o Civil, IP &#8211; RAM (+351) 291 700 112 (+351) 961 943 303 srpc@gov-madeira.pt www.procivmadeira.pt SANAS &#8211; Socorro no Mar &#8211; Emergency at Sea &hellip; <a href=\"https:\/\/madeiraandportosanto.belongstoall.com\/es\/contactos\/\">Continued<\/a><\/p>\n","protected":false},"author":1,"featured_media":0,"parent":0,"menu_order":0,"comment_status":"closed","ping_status":"closed","template":"page-legal.blade.php","meta":[],"acf":[],"yoast_head":"<!-- This site is optimized with the Yoast SEO plugin v17.8 - https:\/\/yoast.com\/wordpress\/plugins\/seo\/ -->\n<title>Contactos - Madeira<\/title>\n<meta name=\"robots\" content=\"index, follow, max-snippet:-1, max-image-preview:large, max-video-preview:-1\" \/>\n<link rel=\"canonical\" href=\"https:\/\/madeiraandportosanto.belongstoall.com\/es\/contactos\/\" \/>\n<meta property=\"og:locale\" content=\"es_ES\" \/>\n<meta property=\"og:type\" content=\"article\" \/>\n<meta property=\"og:title\" content=\"Contactos - Madeira\" \/>\n<meta property=\"og:description\" content=\"N\u00famero Europeu de Emerg\u00eancia 112 Hospital (+351) 291 705 600 ssocialhm@srs.pt www.sesaram.pt SMS &#8211; Servi\u00e7os m\u00e9dicos de Urg\u00eancia (+351) 291 204 480 (+351) 927 813 729 geral@servicosmedicos.com www.servicosmedicos.com Servi\u00e7o Regional de Prote\u00e7\u00e3o Civil, IP &#8211; RAM (+351) 291 700 112 (+351) 961 943 303 srpc@gov-madeira.pt www.procivmadeira.pt SANAS &#8211; Socorro no Mar &#8211; Emergency at Sea &hellip; Continued\" \/>\n<meta property=\"og:url\" content=\"https:\/\/madeiraandportosanto.belongstoall.com\/es\/contactos\/\" \/>\n<meta property=\"og:site_name\" content=\"Madeira\" \/>\n<meta property=\"og:image\" content=\"https:\/\/madeiraandportosanto.belongstoall.com\/app\/themes\/madeira\/resources\/assets\/images\/icones_contactos-01.svg\" \/>\n<meta name=\"twitter:card\" content=\"summary_large_image\" \/>\n<meta name=\"twitter:label1\" content=\"Est. reading time\" \/>\n\t<meta name=\"twitter:data1\" content=\"1 minute\" \/>\n<script type=\"application\/ld+json\" class=\"yoast-schema-graph\">{\"@context\":\"https:\/\/schema.org\",\"@graph\":[{\"@type\":\"WebSite\",\"@id\":\"https:\/\/mpb-brochura.dev2.server.diamondbybold.com\/#website\",\"url\":\"https:\/\/mpb-brochura.dev2.server.diamondbybold.com\/\",\"name\":\"Madeira\",\"description\":\"Madeira Brochura digital\",\"potentialAction\":[{\"@type\":\"SearchAction\",\"target\":{\"@type\":\"EntryPoint\",\"urlTemplate\":\"https:\/\/mpb-brochura.dev2.server.diamondbybold.com\/?s={search_term_string}\"},\"query-input\":\"required name=search_term_string\"}],\"inLanguage\":\"es-ES\"},{\"@type\":\"ImageObject\",\"@id\":\"https:\/\/madeiraandportosanto.belongstoall.com\/es\/contactos\/#primaryimage\",\"inLanguage\":\"es-ES\",\"url\":\"\/app\/themes\/madeira\/resources\/assets\/images\/icones_contactos-01.svg\",\"contentUrl\":\"\/app\/themes\/madeira\/resources\/assets\/images\/icones_contactos-01.svg\"},{\"@type\":\"WebPage\",\"@id\":\"https:\/\/madeiraandportosanto.belongstoall.com\/es\/contactos\/#webpage\",\"url\":\"https:\/\/madeiraandportosanto.belongstoall.com\/es\/contactos\/\",\"name\":\"Contactos - Madeira\",\"isPartOf\":{\"@id\":\"https:\/\/mpb-brochura.dev2.server.diamondbybold.com\/#website\"},\"primaryImageOfPage\":{\"@id\":\"https:\/\/madeiraandportosanto.belongstoall.com\/es\/contactos\/#primaryimage\"},\"datePublished\":\"2022-01-10T19:20:20+00:00\",\"dateModified\":\"2022-01-10T19:20:20+00:00\",\"breadcrumb\":{\"@id\":\"https:\/\/madeiraandportosanto.belongstoall.com\/es\/contactos\/#breadcrumb\"},\"inLanguage\":\"es-ES\",\"potentialAction\":[{\"@type\":\"ReadAction\",\"target\":[\"https:\/\/madeiraandportosanto.belongstoall.com\/es\/contactos\/\"]}]},{\"@type\":\"BreadcrumbList\",\"@id\":\"https:\/\/madeiraandportosanto.belongstoall.com\/es\/contactos\/#breadcrumb\",\"itemListElement\":[{\"@type\":\"ListItem\",\"position\":1,\"name\":\"Home\",\"item\":\"https:\/\/madeiraandportosanto.belongstoall.com\/es\/\"},{\"@type\":\"ListItem\",\"position\":2,\"name\":\"Contactos\"}]}]}<\/script>\n<!-- \/ Yoast SEO plugin. -->","yoast_head_json":{"title":"Contactos - Madeira","robots":{"index":"index","follow":"follow","max-snippet":"max-snippet:-1","max-image-preview":"max-image-preview:large","max-video-preview":"max-video-preview:-1"},"canonical":"https:\/\/madeiraandportosanto.belongstoall.com\/es\/contactos\/","og_locale":"es_ES","og_type":"article","og_title":"Contactos - Madeira","og_description":"N\u00famero Europeu de Emerg\u00eancia 112 Hospital (+351) 291 705 600 ssocialhm@srs.pt www.sesaram.pt SMS &#8211; Servi\u00e7os m\u00e9dicos de Urg\u00eancia (+351) 291 204 480 (+351) 927 813 729 geral@servicosmedicos.com www.servicosmedicos.com Servi\u00e7o Regional de Prote\u00e7\u00e3o Civil, IP &#8211; RAM (+351) 291 700 112 (+351) 961 943 303 srpc@gov-madeira.pt www.procivmadeira.pt SANAS &#8211; Socorro no Mar &#8211; Emergency at Sea &hellip; Continued","og_url":"https:\/\/madeiraandportosanto.belongstoall.com\/es\/contactos\/","og_site_name":"Madeira","og_image":[{"url":"https:\/\/madeiraandportosanto.belongstoall.com\/app\/themes\/madeira\/resources\/assets\/images\/icones_contactos-01.svg"}],"twitter_card":"summary_large_image","twitter_misc":{"Est. reading time":"1 minute"},"schema":{"@context":"https:\/\/schema.org","@graph":[{"@type":"WebSite","@id":"https:\/\/mpb-brochura.dev2.server.diamondbybold.com\/#website","url":"https:\/\/mpb-brochura.dev2.server.diamondbybold.com\/","name":"Madeira","description":"Madeira Brochura digital","potentialAction":[{"@type":"SearchAction","target":{"@type":"EntryPoint","urlTemplate":"https:\/\/mpb-brochura.dev2.server.diamondbybold.com\/?s={search_term_string}"},"query-input":"required name=search_term_string"}],"inLanguage":"es-ES"},{"@type":"ImageObject","@id":"https:\/\/madeiraandportosanto.belongstoall.com\/es\/contactos\/#primaryimage","inLanguage":"es-ES","url":"\/app\/themes\/madeira\/resources\/assets\/images\/icones_contactos-01.svg","contentUrl":"\/app\/themes\/madeira\/resources\/assets\/images\/icones_contactos-01.svg"},{"@type":"WebPage","@id":"https:\/\/madeiraandportosanto.belongstoall.com\/es\/contactos\/#webpage","url":"https:\/\/madeiraandportosanto.belongstoall.com\/es\/contactos\/","name":"Contactos - Madeira","isPartOf":{"@id":"https:\/\/mpb-brochura.dev2.server.diamondbybold.com\/#website"},"primaryImageOfPage":{"@id":"https:\/\/madeiraandportosanto.belongstoall.com\/es\/contactos\/#primaryimage"},"datePublished":"2022-01-10T19:20:20+00:00","dateModified":"2022-01-10T19:20:20+00:00","breadcrumb":{"@id":"https:\/\/madeiraandportosanto.belongstoall.com\/es\/contactos\/#breadcrumb"},"inLanguage":"es-ES","potentialAction":[{"@type":"ReadAction","target":["https:\/\/madeiraandportosanto.belongstoall.com\/es\/contactos\/"]}]},{"@type":"BreadcrumbList","@id":"https:\/\/madeiraandportosanto.belongstoall.com\/es\/contactos\/#breadcrumb","itemListElement":[{"@type":"ListItem","position":1,"name":"Home","item":"https:\/\/madeiraandportosanto.belongstoall.com\/es\/"},{"@type":"ListItem","position":2,"name":"Contactos"}]}]}},"_links":{"self":[{"href":"https:\/\/madeiraandportosanto.belongstoall.com\/es\/wp-json\/wp\/v2\/pages\/3760"}],"collection":[{"href":"https:\/\/madeiraandportosanto.belongstoall.com\/es\/wp-json\/wp\/v2\/pages"}],"about":[{"href":"https:\/\/madeiraandportosanto.belongstoall.com\/es\/wp-json\/wp\/v2\/types\/page"}],"author":[{"embeddable":true,"href":"https:\/\/madeiraandportosanto.belongstoall.com\/es\/wp-json\/wp\/v2\/users\/1"}],"replies":[{"embeddable":true,"href":"https:\/\/madeiraandportosanto.belongstoall.com\/es\/wp-json\/wp\/v2\/comments?post=3760"}],"version-history":[{"count":0,"href":"https:\/\/madeiraandportosanto.belongstoall.com\/es\/wp-json\/wp\/v2\/pages\/3760\/revisions"}],"wp:attachment":[{"href":"https:\/\/madeiraandportosanto.belongstoall.com\/es\/wp-json\/wp\/v2\/media?parent=3760"}],"curies":[{"name":"wp","href":"https:\/\/api.w.org\/{rel}","templated":true}]}}