{"id":3778,"date":"2022-02-09T19:42:52","date_gmt":"2022-02-09T19:42:52","guid":{"rendered":"https:\/\/madeiraandportosanto.belongstoall.com\/termos\/"},"modified":"2022-04-07T18:20:46","modified_gmt":"2022-04-07T18:20:46","slug":"termos","status":"publish","type":"page","link":"https:\/\/madeiraandportosanto.belongstoall.com\/es\/termos\/","title":{"rendered":"T\u00e9rminos y Condiciones"},"content":{"rendered":"\n<p><strong>Condi\u00e7\u00f5es Gerais<\/strong><br>Este website \u00e9 uma ferramenta meramente promocional sem objetivos lucrativos e cuja principal finalidade \u00e9 a apresenta\u00e7\u00e3o e divulga\u00e7\u00e3o da nova marca do destino tur\u00edstico Madeira, n\u00e3o existindo qualquer interesse comercial ou outro na sele\u00e7\u00e3o dos conte\u00fados apresentados.<br><br>Antes, por\u00e9m, de qualquer consulta ao website, assegure-se de que l\u00ea cuidadosamente os Termos e Condi\u00e7\u00f5es apresentados nesta p\u00e1gina, na medida em que qualquer utiliza\u00e7\u00e3o deste website significa que aceita os Termos e Condi\u00e7\u00f5es ora apresentados.<br><br>A Associa\u00e7\u00e3o de Promo\u00e7\u00e3o da Madeira, reserva-se o direito de, a todo o tempo, alterar os termos e condi\u00e7\u00f5es de utiliza\u00e7\u00e3o do website, devendo, assim, sempre que aceder ao website, consultar previamente estes termos e condi\u00e7\u00f5es.<br><br>Informa\u00e7\u00f5es complementares poder\u00e3o ser obtidas junto da Associa\u00e7\u00e3o de Promo\u00e7\u00e3o da Madeira via correio eletr\u00f3nico para&nbsp;<a href=\"mailto:geral@ap-madeira.pt\">geral@ap-madeira.pt<\/a>.<br><br><strong>Direitos de Propriedade<\/strong><br>Todos os conte\u00fados do website, designadamente, os textos, as fotografias, as imagens, as ilustra\u00e7\u00f5es, os desenhos, os gr\u00e1ficos, as gravuras, as marcas, os log\u00f3tipos, os materiais de v\u00eddeo ou quaisquer outros sinais distintivos suscet\u00edveis de utiliza\u00e7\u00e3o comercial e industrial, encontram-se protegidos nos termos gerais de direito e pela legisla\u00e7\u00e3o relativa \u00e0 propriedade intelectual e industrial, dos direitos de autor e direitos conexos, n\u00e3o podendo ser utilizados fora do website sem o pr\u00e9vio consentimento escrito da Associa\u00e7\u00e3o de Promo\u00e7\u00e3o da Madeira.<br><br>Sem preju\u00edzo do que antecede, o utilizador est\u00e1 autorizado a navegar, a reproduzir extratos de conte\u00fados deste website atrav\u00e9s de impress\u00e3o e a efetuar downloads, com o objetivo de divulga\u00e7\u00e3o a outros indiv\u00edduos. Esta situa\u00e7\u00e3o \u00e9 apenas permitida sob a condi\u00e7\u00e3o de respeitar os direitos de autor e outros direitos intelectuais, e desde que seja efetuada uma men\u00e7\u00e3o \u00e0 marca acima descrita nessas reprodu\u00e7\u00f5es.<br><br>A reprodu\u00e7\u00e3o total ou parcial do website para fins comerciais \u00e9 proibida, assim como a sua altera\u00e7\u00e3o ou incorpora\u00e7\u00e3o em qualquer outro artigo, publica\u00e7\u00e3o ou website.<br><br>\u00c9 expressamente proibida a utiliza\u00e7\u00e3o do Website para fins ilegais ou para fins que possam ser considerados indignos da imagem da Associa\u00e7\u00e3o de Promo\u00e7\u00e3o da Madeira e da Marca \u201cMadeira. T\u00e3o Tua.\u201d.<br>A usurpa\u00e7\u00e3o, contrafa\u00e7\u00e3o, aproveitamento do conte\u00fado usurpado ou contrafeito, a identifica\u00e7\u00e3o ileg\u00edtima e a concorr\u00eancia desleal s\u00e3o pun\u00edveis criminalmente.<br><br>A Associa\u00e7\u00e3o de Promo\u00e7\u00e3o da Madeira, reserva-se o direito de agir judicialmente contra os autores de qualquer c\u00f3pia, reprodu\u00e7\u00e3o ou outra utiliza\u00e7\u00e3o n\u00e3o autorizada do conte\u00fado do website por terceiros.<br><br><strong>Exclus\u00e3o de Responsabilidade<\/strong><br>A Associa\u00e7\u00e3o de Promo\u00e7\u00e3o da Madeira, desenvolver\u00e1 todos os esfor\u00e7os no sentido de garantir que a informa\u00e7\u00e3o e os factos constantes do website s\u00e3o, de entre os dispon\u00edveis, os melhores e os mais relevantes. Compromete-se a realizar todos os esfor\u00e7os e dilig\u00eancias necess\u00e1rias para manter o normal funcionamento do website, com a disponibilidade e continuidade poss\u00edveis face aos meios humanos e t\u00e9cnicos existentes. Todavia, n\u00e3o d\u00e1 qualquer garantia, expl\u00edcita ou impl\u00edcita, de que as informa\u00e7\u00f5es do website estejam sempre atualizadas e corretas, n\u00e3o assumindo qualquer responsabilidade pelas consequ\u00eancias, diretas e\/ou indiretas, que decorram da utiliza\u00e7\u00e3o da informa\u00e7\u00e3o prestada.<br><br>A Associa\u00e7\u00e3o de Promo\u00e7\u00e3o da Madeira recomenda assim, que os utilizadores do website a contactem diretamente.<br><br>Todos os conte\u00fados deste website est\u00e3o sujeitos a altera\u00e7\u00f5es sem aviso pr\u00e9vio.<br><br>A Associa\u00e7\u00e3o de Promo\u00e7\u00e3o da Madeira, agradece que o visitante\/utilizador o informe sempre que encontre no website dados incorretos e\/ou desatualizados, por forma a que os mesmos possam ser corrigidos.<br><br>A Associa\u00e7\u00e3o de Promo\u00e7\u00e3o da Madeira n\u00e3o assume qualquer tipo de responsabilidade por perdas e\/ou danos sofridos causados por v\u00edrus que possam afetar o seu computador ou qualquer outro equipamento, decorrente do seu acesso, uso ou download de conte\u00fados deste website.<br><br>At\u00e9 \u00e0 extens\u00e3o m\u00e1xima permitida pela lei aplic\u00e1vel, a Associa\u00e7\u00e3o de Promo\u00e7\u00e3o da Madeira n\u00e3o ser\u00e1 respons\u00e1vel por quaisquer danos indiretos ou lucros cessantes, incluindo, mas sem limita\u00e7\u00e3o, a perda de rendimentos, a interrup\u00e7\u00e3o de atividade, a perda de informa\u00e7\u00e3o ou a incapacidade de utiliza\u00e7\u00e3o.<br><br><strong>Links de Acesso a Outros Websites<\/strong><br>A informa\u00e7\u00e3o do website est\u00e1 por vezes ligada a s\u00edtios externos sobre os quais a Associa\u00e7\u00e3o de Promo\u00e7\u00e3o da Madeira n\u00e3o tem controlo algum, n\u00e3o aceitando a Associa\u00e7\u00e3o de Promo\u00e7\u00e3o da Madeira qualquer responsabilidade pelos conte\u00fados, exatid\u00e3o, credibilidade e funcionalidades de websites pertencentes a terceiros.<br><br>A disponibiliza\u00e7\u00e3o de links para outros websites alheios \u00e0 Associa\u00e7\u00e3o de Promo\u00e7\u00e3o da Madeira n\u00e3o implica qualquer assun\u00e7\u00e3o de responsabilidades relativamente a esses websites. Recomendamos veemente que se informe e leia atentamente as informa\u00e7\u00f5es legais e pol\u00edticas de privacidade de todos os websites que visite.<br><br><strong>Reclama\u00e7\u00f5es<\/strong><br>Caso o utilizador\/entidade considere que algum conte\u00fado constante do presente website constitui uma viola\u00e7\u00e3o dos seus direitos de autor, dever\u00e1 enviar para a Associa\u00e7\u00e3o de Promo\u00e7\u00e3o da Madeira, uma comunica\u00e7\u00e3o escrita com os seguintes elementos e informa\u00e7\u00f5es:<br>(a) nome, morada, n\u00famero de telefone e endere\u00e7o de e-mail;<br>(b) uma descri\u00e7\u00e3o do material cujos direitos de autor o utilizador considera terem sido violados;<br>(c) a URL exata ou uma descri\u00e7\u00e3o do(s) local(is) onde se encontra o material em quest\u00e3o;<br>(d) uma declara\u00e7\u00e3o atestando que o utilizador acredita, de boa f\u00e9, que o uso do dito material n\u00e3o est\u00e1 autorizado por si, por agente seu ou por lei;<br>(e) a assinatura manual ou eletr\u00f3nica do utilizador ou do seu representante legal; e<br>(f) uma declara\u00e7\u00e3o, sob juramento ou compromisso de honra, atestando que as informa\u00e7\u00f5es constantes da comunica\u00e7\u00e3o s\u00e3o corretas e que o utilizador \u00e9 o propriet\u00e1rio dos direitos de autor ou seu representante autorizado.<br><br>A comunica\u00e7\u00e3o dever\u00e1 ser enviada via correio eletr\u00f3nico para&nbsp;<a href=\"mailto:geral@ap-madeira.pt\">geral@ap-madeira.pt<\/a>&nbsp;ou para a seguinte morada:<br>Associa\u00e7\u00e3o de Promo\u00e7\u00e3o da Madeira<br>Rua dos Aranhas n.\u00ba 24 e 26,<br>9000-044 Funchal<br><br><strong>Interpreta\u00e7\u00e3o e Foro<\/strong><br>A interpreta\u00e7\u00e3o destes termos e condi\u00e7\u00f5es de uso, bem como a resolu\u00e7\u00e3o de quaisquer lit\u00edgios que surjam no \u00e2mbito do website ser\u00e3o regulados exclusivamente pela lei e pelos tribunais portugueses.<\/p>\n","protected":false},"excerpt":{"rendered":"<p>Condi\u00e7\u00f5es GeraisEste website \u00e9 uma ferramenta meramente promocional sem objetivos lucrativos e cuja principal finalidade \u00e9 a apresenta\u00e7\u00e3o e divulga\u00e7\u00e3o da nova marca do destino tur\u00edstico Madeira, n\u00e3o existindo qualquer interesse comercial ou outro na sele\u00e7\u00e3o dos conte\u00fados apresentados. Antes, por\u00e9m, de qualquer consulta ao website, assegure-se de que l\u00ea cuidadosamente os Termos e Condi\u00e7\u00f5es &hellip; <a href=\"https:\/\/madeiraandportosanto.belongstoall.com\/es\/termos\/\">Continued<\/a><\/p>\n","protected":false},"author":1,"featured_media":0,"parent":0,"menu_order":0,"comment_status":"closed","ping_status":"closed","template":"page-legal.blade.php","meta":[],"acf":[],"yoast_head":"<!-- This site is optimized with the Yoast SEO plugin v17.8 - https:\/\/yoast.com\/wordpress\/plugins\/seo\/ -->\n<title>T\u00e9rminos y Condiciones - Madeira<\/title>\n<meta name=\"robots\" content=\"index, follow, max-snippet:-1, max-image-preview:large, max-video-preview:-1\" \/>\n<link rel=\"canonical\" href=\"https:\/\/madeiraandportosanto.belongstoall.com\/es\/termos\/\" \/>\n<meta property=\"og:locale\" content=\"es_ES\" \/>\n<meta property=\"og:type\" content=\"article\" \/>\n<meta property=\"og:title\" content=\"T\u00e9rminos y Condiciones - Madeira\" \/>\n<meta property=\"og:description\" content=\"Condi\u00e7\u00f5es GeraisEste website \u00e9 uma ferramenta meramente promocional sem objetivos lucrativos e cuja principal finalidade \u00e9 a apresenta\u00e7\u00e3o e divulga\u00e7\u00e3o da nova marca do destino tur\u00edstico Madeira, n\u00e3o existindo qualquer interesse comercial ou outro na sele\u00e7\u00e3o dos conte\u00fados apresentados. Antes, por\u00e9m, de qualquer consulta ao website, assegure-se de que l\u00ea cuidadosamente os Termos e Condi\u00e7\u00f5es &hellip; Continued\" \/>\n<meta property=\"og:url\" content=\"https:\/\/madeiraandportosanto.belongstoall.com\/es\/termos\/\" \/>\n<meta property=\"og:site_name\" content=\"Madeira\" \/>\n<meta property=\"article:modified_time\" content=\"2022-04-07T18:20:46+00:00\" \/>\n<meta name=\"twitter:card\" content=\"summary_large_image\" \/>\n<meta name=\"twitter:label1\" content=\"Est. reading time\" \/>\n\t<meta name=\"twitter:data1\" content=\"6 minutes\" \/>\n<script type=\"application\/ld+json\" class=\"yoast-schema-graph\">{\"@context\":\"https:\/\/schema.org\",\"@graph\":[{\"@type\":\"WebSite\",\"@id\":\"https:\/\/mpb-brochura.dev2.server.diamondbybold.com\/#website\",\"url\":\"https:\/\/mpb-brochura.dev2.server.diamondbybold.com\/\",\"name\":\"Madeira\",\"description\":\"Madeira Brochura digital\",\"potentialAction\":[{\"@type\":\"SearchAction\",\"target\":{\"@type\":\"EntryPoint\",\"urlTemplate\":\"https:\/\/mpb-brochura.dev2.server.diamondbybold.com\/?s={search_term_string}\"},\"query-input\":\"required name=search_term_string\"}],\"inLanguage\":\"es-ES\"},{\"@type\":\"WebPage\",\"@id\":\"https:\/\/madeiraandportosanto.belongstoall.com\/es\/termos\/#webpage\",\"url\":\"https:\/\/madeiraandportosanto.belongstoall.com\/es\/termos\/\",\"name\":\"T\\u00e9rminos y Condiciones - Madeira\",\"isPartOf\":{\"@id\":\"https:\/\/mpb-brochura.dev2.server.diamondbybold.com\/#website\"},\"datePublished\":\"2022-02-09T19:42:52+00:00\",\"dateModified\":\"2022-04-07T18:20:46+00:00\",\"breadcrumb\":{\"@id\":\"https:\/\/madeiraandportosanto.belongstoall.com\/es\/termos\/#breadcrumb\"},\"inLanguage\":\"es-ES\",\"potentialAction\":[{\"@type\":\"ReadAction\",\"target\":[\"https:\/\/madeiraandportosanto.belongstoall.com\/es\/termos\/\"]}]},{\"@type\":\"BreadcrumbList\",\"@id\":\"https:\/\/madeiraandportosanto.belongstoall.com\/es\/termos\/#breadcrumb\",\"itemListElement\":[{\"@type\":\"ListItem\",\"position\":1,\"name\":\"Home\",\"item\":\"https:\/\/madeiraandportosanto.belongstoall.com\/es\/\"},{\"@type\":\"ListItem\",\"position\":2,\"name\":\"T\\u00e9rminos y Condiciones\"}]}]}<\/script>\n<!-- \/ Yoast SEO plugin. -->","yoast_head_json":{"title":"T\u00e9rminos y Condiciones - Madeira","robots":{"index":"index","follow":"follow","max-snippet":"max-snippet:-1","max-image-preview":"max-image-preview:large","max-video-preview":"max-video-preview:-1"},"canonical":"https:\/\/madeiraandportosanto.belongstoall.com\/es\/termos\/","og_locale":"es_ES","og_type":"article","og_title":"T\u00e9rminos y Condiciones - Madeira","og_description":"Condi\u00e7\u00f5es GeraisEste website \u00e9 uma ferramenta meramente promocional sem objetivos lucrativos e cuja principal finalidade \u00e9 a apresenta\u00e7\u00e3o e divulga\u00e7\u00e3o da nova marca do destino tur\u00edstico Madeira, n\u00e3o existindo qualquer interesse comercial ou outro na sele\u00e7\u00e3o dos conte\u00fados apresentados. Antes, por\u00e9m, de qualquer consulta ao website, assegure-se de que l\u00ea cuidadosamente os Termos e Condi\u00e7\u00f5es &hellip; Continued","og_url":"https:\/\/madeiraandportosanto.belongstoall.com\/es\/termos\/","og_site_name":"Madeira","article_modified_time":"2022-04-07T18:20:46+00:00","twitter_card":"summary_large_image","twitter_misc":{"Est. reading time":"6 minutes"},"schema":{"@context":"https:\/\/schema.org","@graph":[{"@type":"WebSite","@id":"https:\/\/mpb-brochura.dev2.server.diamondbybold.com\/#website","url":"https:\/\/mpb-brochura.dev2.server.diamondbybold.com\/","name":"Madeira","description":"Madeira Brochura digital","potentialAction":[{"@type":"SearchAction","target":{"@type":"EntryPoint","urlTemplate":"https:\/\/mpb-brochura.dev2.server.diamondbybold.com\/?s={search_term_string}"},"query-input":"required name=search_term_string"}],"inLanguage":"es-ES"},{"@type":"WebPage","@id":"https:\/\/madeiraandportosanto.belongstoall.com\/es\/termos\/#webpage","url":"https:\/\/madeiraandportosanto.belongstoall.com\/es\/termos\/","name":"T\u00e9rminos y Condiciones - Madeira","isPartOf":{"@id":"https:\/\/mpb-brochura.dev2.server.diamondbybold.com\/#website"},"datePublished":"2022-02-09T19:42:52+00:00","dateModified":"2022-04-07T18:20:46+00:00","breadcrumb":{"@id":"https:\/\/madeiraandportosanto.belongstoall.com\/es\/termos\/#breadcrumb"},"inLanguage":"es-ES","potentialAction":[{"@type":"ReadAction","target":["https:\/\/madeiraandportosanto.belongstoall.com\/es\/termos\/"]}]},{"@type":"BreadcrumbList","@id":"https:\/\/madeiraandportosanto.belongstoall.com\/es\/termos\/#breadcrumb","itemListElement":[{"@type":"ListItem","position":1,"name":"Home","item":"https:\/\/madeiraandportosanto.belongstoall.com\/es\/"},{"@type":"ListItem","position":2,"name":"T\u00e9rminos y Condiciones"}]}]}},"_links":{"self":[{"href":"https:\/\/madeiraandportosanto.belongstoall.com\/es\/wp-json\/wp\/v2\/pages\/3778"}],"collection":[{"href":"https:\/\/madeiraandportosanto.belongstoall.com\/es\/wp-json\/wp\/v2\/pages"}],"about":[{"href":"https:\/\/madeiraandportosanto.belongstoall.com\/es\/wp-json\/wp\/v2\/types\/page"}],"author":[{"embeddable":true,"href":"https:\/\/madeiraandportosanto.belongstoall.com\/es\/wp-json\/wp\/v2\/users\/1"}],"replies":[{"embeddable":true,"href":"https:\/\/madeiraandportosanto.belongstoall.com\/es\/wp-json\/wp\/v2\/comments?post=3778"}],"version-history":[{"count":1,"href":"https:\/\/madeiraandportosanto.belongstoall.com\/es\/wp-json\/wp\/v2\/pages\/3778\/revisions"}],"predecessor-version":[{"id":3780,"href":"https:\/\/madeiraandportosanto.belongstoall.com\/es\/wp-json\/wp\/v2\/pages\/3778\/revisions\/3780"}],"wp:attachment":[{"href":"https:\/\/madeiraandportosanto.belongstoall.com\/es\/wp-json\/wp\/v2\/media?parent=3778"}],"curies":[{"name":"wp","href":"https:\/\/api.w.org\/{rel}","templated":true}]}}