{"id":1965,"date":"2022-03-30T14:11:16","date_gmt":"2022-03-30T14:11:16","guid":{"rendered":"https:\/\/madeiraandportosanto.belongstoall.com\/?page_id=1965"},"modified":"2022-06-24T10:52:41","modified_gmt":"2022-06-24T10:52:41","slug":"madere-vous-appartient","status":"publish","type":"page","link":"https:\/\/madeiraandportosanto.belongstoall.com\/fr\/","title":{"rendered":"Mad\u00e8re vous appartient"},"content":{"rendered":"\n<p>Gr\u00e2ce \u00e0 son emplacement privil\u00e9gi\u00e9, l&#8217;archipel de Mad\u00e8re est la destination de vacances id\u00e9ale!<\/p>\n\n\n\n<p>L&#8217;archipel de Mad\u00e8re est situ\u00e9 dans l&#8217;oc\u00e9an Atlantique, \u00e0 1000 km du continent europ\u00e9en et 700 km du Maroc. Avec des vols directs quotidiens vers les principaux a\u00e9roports europ\u00e9ens et d&#8217;autres vers le reste du monde, nous rendre visite n&#8217;a jamais \u00e9t\u00e9 aussi facile.<\/p>\n\n\n\n<p>Entre le plus haut sommet et la plong\u00e9e la plus profonde, vous vous imposez vos propres limites.<br>Que vous cherchiez \u00e0 plonger dans la nature, \u00e0 vous d\u00e9tendre au bord de la mer, \u00e0 vous impr\u00e9gner de la culture et \u00e0 d\u00e9guster la gastronomie locale, les \u00eeles de Mad\u00e8re sont des options incroyables, pour tous les go\u00fbts, 365 jours par an.<\/p>\n","protected":false},"excerpt":{"rendered":"<p>Gr\u00e2ce \u00e0 son emplacement privil\u00e9gi\u00e9, l&#8217;archipel de Mad\u00e8re est la destination de vacances id\u00e9ale! L&#8217;archipel de Mad\u00e8re est situ\u00e9 dans l&#8217;oc\u00e9an Atlantique, \u00e0 1000 km du continent europ\u00e9en et 700 km du Maroc. Avec des vols directs quotidiens vers les principaux a\u00e9roports europ\u00e9ens et d&#8217;autres vers le reste du monde, nous rendre visite n&#8217;a jamais &hellip; <a href=\"https:\/\/madeiraandportosanto.belongstoall.com\/fr\/\">Continued<\/a><\/p>\n","protected":false},"author":3,"featured_media":1960,"parent":0,"menu_order":0,"comment_status":"closed","ping_status":"closed","template":"front-page.blade.php","meta":[],"acf":[],"yoast_head":"<!-- This site is optimized with the Yoast SEO plugin v17.8 - https:\/\/yoast.com\/wordpress\/plugins\/seo\/ -->\n<title>Mad\u00e8re vous appartient - Madeira<\/title>\n<meta name=\"robots\" content=\"index, follow, max-snippet:-1, max-image-preview:large, max-video-preview:-1\" \/>\n<link rel=\"canonical\" href=\"https:\/\/madeiraandportosanto.belongstoall.com\/fr\/\" \/>\n<meta property=\"og:locale\" content=\"fr_FR\" \/>\n<meta property=\"og:type\" content=\"article\" \/>\n<meta property=\"og:title\" content=\"Mad\u00e8re vous appartient - Madeira\" \/>\n<meta property=\"og:description\" content=\"Gr\u00e2ce \u00e0 son emplacement privil\u00e9gi\u00e9, l&#8217;archipel de Mad\u00e8re est la destination de vacances id\u00e9ale! L&#8217;archipel de Mad\u00e8re est situ\u00e9 dans l&#8217;oc\u00e9an Atlantique, \u00e0 1000 km du continent europ\u00e9en et 700 km du Maroc. Avec des vols directs quotidiens vers les principaux a\u00e9roports europ\u00e9ens et d&#8217;autres vers le reste du monde, nous rendre visite n&#8217;a jamais &hellip; Continued\" \/>\n<meta property=\"og:url\" content=\"https:\/\/madeiraandportosanto.belongstoall.com\/fr\/\" \/>\n<meta property=\"og:site_name\" content=\"Madeira\" \/>\n<meta property=\"article:modified_time\" content=\"2022-06-24T10:52:41+00:00\" \/>\n<meta property=\"og:image\" content=\"https:\/\/madeiraandportosanto.belongstoall.com\/app\/uploads\/2022\/03\/Imagem_Homepage_degrade-1.jpg\" \/>\n\t<meta property=\"og:image:width\" content=\"2000\" \/>\n\t<meta property=\"og:image:height\" content=\"1340\" \/>\n<meta name=\"twitter:card\" content=\"summary_large_image\" \/>\n<meta name=\"twitter:label1\" content=\"Est. reading time\" \/>\n\t<meta name=\"twitter:data1\" content=\"1 minute\" \/>\n<script type=\"application\/ld+json\" class=\"yoast-schema-graph\">{\"@context\":\"https:\/\/schema.org\",\"@graph\":[{\"@type\":\"WebSite\",\"@id\":\"https:\/\/mpb-brochura.dev2.server.diamondbybold.com\/#website\",\"url\":\"https:\/\/mpb-brochura.dev2.server.diamondbybold.com\/\",\"name\":\"Madeira\",\"description\":\"Madeira Brochura digital\",\"potentialAction\":[{\"@type\":\"SearchAction\",\"target\":{\"@type\":\"EntryPoint\",\"urlTemplate\":\"https:\/\/mpb-brochura.dev2.server.diamondbybold.com\/?s={search_term_string}\"},\"query-input\":\"required name=search_term_string\"}],\"inLanguage\":\"fr-FR\"},{\"@type\":\"ImageObject\",\"@id\":\"https:\/\/madeiraandportosanto.belongstoall.com\/fr\/#primaryimage\",\"inLanguage\":\"fr-FR\",\"url\":\"https:\/\/madeiraandportosanto.belongstoall.com\/app\/uploads\/2022\/03\/Imagem_Homepage_degrade-1.jpg\",\"contentUrl\":\"https:\/\/madeiraandportosanto.belongstoall.com\/app\/uploads\/2022\/03\/Imagem_Homepage_degrade-1.jpg\",\"width\":2000,\"height\":1340},{\"@type\":\"WebPage\",\"@id\":\"https:\/\/madeiraandportosanto.belongstoall.com\/fr\/#webpage\",\"url\":\"https:\/\/madeiraandportosanto.belongstoall.com\/fr\/\",\"name\":\"Mad\\u00e8re vous appartient - Madeira\",\"isPartOf\":{\"@id\":\"https:\/\/mpb-brochura.dev2.server.diamondbybold.com\/#website\"},\"primaryImageOfPage\":{\"@id\":\"https:\/\/madeiraandportosanto.belongstoall.com\/fr\/#primaryimage\"},\"datePublished\":\"2022-03-30T14:11:16+00:00\",\"dateModified\":\"2022-06-24T10:52:41+00:00\",\"breadcrumb\":{\"@id\":\"https:\/\/madeiraandportosanto.belongstoall.com\/fr\/#breadcrumb\"},\"inLanguage\":\"fr-FR\",\"potentialAction\":[{\"@type\":\"ReadAction\",\"target\":[\"https:\/\/madeiraandportosanto.belongstoall.com\/fr\/\"]}]},{\"@type\":\"BreadcrumbList\",\"@id\":\"https:\/\/madeiraandportosanto.belongstoall.com\/fr\/#breadcrumb\",\"itemListElement\":[{\"@type\":\"ListItem\",\"position\":1,\"name\":\"Home\",\"item\":\"https:\/\/madeiraandportosanto.belongstoall.com\/fr\/\"},{\"@type\":\"ListItem\",\"position\":2,\"name\":\"Mad\\u00e8re vous appartient\"}]}]}<\/script>\n<!-- \/ Yoast SEO plugin. -->","yoast_head_json":{"title":"Mad\u00e8re vous appartient - Madeira","robots":{"index":"index","follow":"follow","max-snippet":"max-snippet:-1","max-image-preview":"max-image-preview:large","max-video-preview":"max-video-preview:-1"},"canonical":"https:\/\/madeiraandportosanto.belongstoall.com\/fr\/","og_locale":"fr_FR","og_type":"article","og_title":"Mad\u00e8re vous appartient - Madeira","og_description":"Gr\u00e2ce \u00e0 son emplacement privil\u00e9gi\u00e9, l&#8217;archipel de Mad\u00e8re est la destination de vacances id\u00e9ale! L&#8217;archipel de Mad\u00e8re est situ\u00e9 dans l&#8217;oc\u00e9an Atlantique, \u00e0 1000 km du continent europ\u00e9en et 700 km du Maroc. Avec des vols directs quotidiens vers les principaux a\u00e9roports europ\u00e9ens et d&#8217;autres vers le reste du monde, nous rendre visite n&#8217;a jamais &hellip; Continued","og_url":"https:\/\/madeiraandportosanto.belongstoall.com\/fr\/","og_site_name":"Madeira","article_modified_time":"2022-06-24T10:52:41+00:00","og_image":[{"width":2000,"height":1340,"url":"https:\/\/madeiraandportosanto.belongstoall.com\/app\/uploads\/2022\/03\/Imagem_Homepage_degrade-1.jpg","type":"image\/jpeg"}],"twitter_card":"summary_large_image","twitter_misc":{"Est. reading time":"1 minute"},"schema":{"@context":"https:\/\/schema.org","@graph":[{"@type":"WebSite","@id":"https:\/\/mpb-brochura.dev2.server.diamondbybold.com\/#website","url":"https:\/\/mpb-brochura.dev2.server.diamondbybold.com\/","name":"Madeira","description":"Madeira Brochura digital","potentialAction":[{"@type":"SearchAction","target":{"@type":"EntryPoint","urlTemplate":"https:\/\/mpb-brochura.dev2.server.diamondbybold.com\/?s={search_term_string}"},"query-input":"required name=search_term_string"}],"inLanguage":"fr-FR"},{"@type":"ImageObject","@id":"https:\/\/madeiraandportosanto.belongstoall.com\/fr\/#primaryimage","inLanguage":"fr-FR","url":"https:\/\/madeiraandportosanto.belongstoall.com\/app\/uploads\/2022\/03\/Imagem_Homepage_degrade-1.jpg","contentUrl":"https:\/\/madeiraandportosanto.belongstoall.com\/app\/uploads\/2022\/03\/Imagem_Homepage_degrade-1.jpg","width":2000,"height":1340},{"@type":"WebPage","@id":"https:\/\/madeiraandportosanto.belongstoall.com\/fr\/#webpage","url":"https:\/\/madeiraandportosanto.belongstoall.com\/fr\/","name":"Mad\u00e8re vous appartient - Madeira","isPartOf":{"@id":"https:\/\/mpb-brochura.dev2.server.diamondbybold.com\/#website"},"primaryImageOfPage":{"@id":"https:\/\/madeiraandportosanto.belongstoall.com\/fr\/#primaryimage"},"datePublished":"2022-03-30T14:11:16+00:00","dateModified":"2022-06-24T10:52:41+00:00","breadcrumb":{"@id":"https:\/\/madeiraandportosanto.belongstoall.com\/fr\/#breadcrumb"},"inLanguage":"fr-FR","potentialAction":[{"@type":"ReadAction","target":["https:\/\/madeiraandportosanto.belongstoall.com\/fr\/"]}]},{"@type":"BreadcrumbList","@id":"https:\/\/madeiraandportosanto.belongstoall.com\/fr\/#breadcrumb","itemListElement":[{"@type":"ListItem","position":1,"name":"Home","item":"https:\/\/madeiraandportosanto.belongstoall.com\/fr\/"},{"@type":"ListItem","position":2,"name":"Mad\u00e8re vous appartient"}]}]}},"_links":{"self":[{"href":"https:\/\/madeiraandportosanto.belongstoall.com\/fr\/wp-json\/wp\/v2\/pages\/1965"}],"collection":[{"href":"https:\/\/madeiraandportosanto.belongstoall.com\/fr\/wp-json\/wp\/v2\/pages"}],"about":[{"href":"https:\/\/madeiraandportosanto.belongstoall.com\/fr\/wp-json\/wp\/v2\/types\/page"}],"author":[{"embeddable":true,"href":"https:\/\/madeiraandportosanto.belongstoall.com\/fr\/wp-json\/wp\/v2\/users\/3"}],"replies":[{"embeddable":true,"href":"https:\/\/madeiraandportosanto.belongstoall.com\/fr\/wp-json\/wp\/v2\/comments?post=1965"}],"version-history":[{"count":4,"href":"https:\/\/madeiraandportosanto.belongstoall.com\/fr\/wp-json\/wp\/v2\/pages\/1965\/revisions"}],"predecessor-version":[{"id":7400,"href":"https:\/\/madeiraandportosanto.belongstoall.com\/fr\/wp-json\/wp\/v2\/pages\/1965\/revisions\/7400"}],"wp:featuredmedia":[{"embeddable":true,"href":"https:\/\/madeiraandportosanto.belongstoall.com\/fr\/wp-json\/wp\/v2\/media\/1960"}],"wp:attachment":[{"href":"https:\/\/madeiraandportosanto.belongstoall.com\/fr\/wp-json\/wp\/v2\/media?parent=1965"}],"curies":[{"name":"wp","href":"https:\/\/api.w.org\/{rel}","templated":true}]}}