{"id":2501,"date":"2022-03-30T16:37:53","date_gmt":"2022-03-30T16:37:53","guid":{"rendered":"https:\/\/madeiraandportosanto.belongstoall.com\/?page_id=2501"},"modified":"2022-03-30T16:37:54","modified_gmt":"2022-03-30T16:37:54","slug":"termes-et-conditions","status":"publish","type":"page","link":"https:\/\/madeiraandportosanto.belongstoall.com\/fr\/termes-et-conditions\/","title":{"rendered":"Termes et conditions"},"content":{"rendered":"\n<p><strong>General Conditions<\/strong><br>This website is administered by the Madeira Promotion Bureau for the Autonomous Region of Madeira and aims to provide information to users wanting access to information on the sector, and to promote the (active) tourism activities currently available in the archipelago of Madeira, and the companies affiliated to the project of the Brand \u2013 Explore Madeira.<\/p>\n\n\n\n<p>Prior to any consultation of this website, please take the time to read these Terms and Conditions carefully as using the website means that you agree to be bound by these Terms and Conditions.<\/p>\n\n\n\n<p>The Madeira Promotion Bureau reserves the right to change, at any time, the terms and conditions of use oThe Madeira Promotion Bureau for the Autonomous Region of Madeira reserves the right to amend the Terms and Conditions for the use of this website at any time, so we recommend you re-read these Terms and Conditions each time you&nbsp;access&nbsp;the&nbsp;website.<\/p>\n\n\n\n<p>Additional information may be obtained by the Madeira Promotion Bureau for the Autonomous Region of Madeira through the contact section available on the website menu.<\/p>\n\n\n\n<p><strong><strong>Copyright<\/strong><br><\/strong>All content on this website, including text, photos, images, illustrations, drawings, graphics, pictures, trademarks, video clips, or other distinguishing marks susceptible to&nbsp;industrial and&nbsp;commercial&nbsp;use, is the property of the Madeira Promotion Bureau for the Autonomous Region of Madeira and is&nbsp;protected&nbsp;under general&nbsp;law and&nbsp;by&nbsp;the legislation on&nbsp;intellectual and industrial property , copyright and related rights. None of this material may be used outside the website without the prior written permission of&nbsp;the Madeira Promotion Bureau.<\/p>\n\n\n\n<p>Notwithstanding the above, the user is authorized to browse, reproduce extracts of content from this Without prejudice to&nbsp;the&nbsp;foregoing, the user is permitted&nbsp;to&nbsp;browse&nbsp;this website, reproduce&nbsp;extracts by&nbsp;way of printing, downloading or for the purposes of distribution to other individuals. This situation is only allowed under the condition that all authorial rights and other intellectual rights are respected, and provided that the above-mentioned brand is duly mentioned in any reproduction.<\/p>\n\n\n\n<p>No full or partial reproduction of this website may be used for commercial purposes, nor shall it be modified or incorporated in any other work, publication or website.<\/p>\n\n\n\n<p>It is expressly forbidden to use the Website for illegal purposes or for purposes that may be considered unworthy of the image of the Madeira Promotion Association and the Brand &#8220;Madeira. So Yours&#8221;.<br>The usage of&nbsp;the&nbsp;site&nbsp;for&nbsp;illegal&nbsp;purposes and any other purposes that may be considered undignified for the Madeira Promotion Bureau and the Explore Madeira brand is expressly prohibited.<\/p>\n\n\n\n<p>Usurpation, counterfeiting, exploitation of&nbsp;the usurped&nbsp;or&nbsp;counterfeited&nbsp;content,&nbsp;unlawful identification and unfair competition are punishable by criminal law.<\/p>\n\n\n\n<p>Madeira Promotion Bureau reserves its right to&nbsp;act judicially against the authors of&nbsp;any&nbsp;copy,&nbsp;reproduction or another unauthorized use&nbsp;of the elements contained in this site.<\/p>\n\n\n\n<p><strong><strong>Liability<\/strong><\/strong><br>Madeira Promotion Bureau will&nbsp;do&nbsp;its utmost to ensure&nbsp;that the information and facts contained on this website are the best and most relevant within the resources available.<br>The Madeira Promotion Bureau undertakes all endeavors and diligences to maintain the website\u2019s normal functioning, with availability and continuity considering the existing human and technical resources.<\/p>\n\n\n\n<p>However, no guarantee of any kind, whether implicit or explicit, is given for the accuracy of the information provided on the website, and no&nbsp;responsibility&nbsp;is assumed for the direct or indirect consequences which may result from its use.<\/p>\n\n\n\n<p>AIt&nbsp;is recommended that&nbsp;the users&nbsp;contact&nbsp;Madeira Promotion Bureau directly. All contents of this website are subject to change at any time&nbsp;without prior notice. Should any user find any inaccurate or outdated information, would they please advise Madeira Promotion Bureau so that it may be amended.<\/p>\n\n\n\n<p>Madeira Promotion Bureau shall have no liability or any responsibility whatsoever for any loss suffered caused by viruses that may infect your computer equipment or other property by reason of your use of, access to or downloading of any material from this website. To&nbsp;the fullest extent permitted by applicable law, Madeira Promotion Bureau shall not be liable for any&nbsp;indirect&nbsp;or&nbsp;consequential damages or expenses of&nbsp;any&nbsp;kind, including without limitation, loss of earnings, business interruption, loss of data or inability to use the website.<\/p>\n\n\n\n<p><strong>Links to Other Websites<\/strong><br>The website information is sometimes linked to external sites over which the Madeira Promotion Bureau has no control, and for which the Madeira Promotion Bureau does not take any responsibility. Madeira Promotion Bureau does not assume any assumption of responsibility for the content, information accuracy or privacy policies of third party web sites. The portal may provide access to links to other websites unrelated to Madeira Promotion Bureau. However, it is not liable for the respective contents. For this reason we recommend that you carefully read the legal information and privacy policy of every website you visit.<\/p>\n\n\n\n<p><strong>Complaints<\/strong><br>If&nbsp;the user\/organisation believes its copyright&nbsp;or the&nbsp;copyright&nbsp;of another has&nbsp;been infringed on this website, please provide Madeira Promotion Bureau with a written notice containing the following information:<br>(a) name, address, telephone number and e-mail address;<br>((a) Name, address, phone&nbsp;number&nbsp;and e-mail address;<br>(b) A description&nbsp;of&nbsp;the&nbsp;copyrighted&nbsp;work&nbsp;that&nbsp;you claim has been infringed;<br>(c) The exact URL or a&nbsp;description of the location where the copyrighted work exists.<br>(d) A&nbsp;statement by&nbsp;the user that he&nbsp;believes, in&nbsp;good&nbsp;faith, that&nbsp;the disputed use is not authorized by the copyright owner, its agent, or the law;<br>(e) The user\u2019s or his legal representative\u2019s handwritten or electronic signature; and<br>(f) A&nbsp;sworn or authenticated declaration justifying the correctness of the information set out in the communication and that the user is the copyright owner or its legal representative.<\/p>\n\n\n\n<p>The communication should be sent via email to <a href=\"mailto:geral@ap-madeira.pt\" target=\"_blank\" rel=\"noreferrer noopener\">geral@ap-madeira.pt<\/a> or to the following address:<br><strong>Associa\u00e7\u00e3o de Promo\u00e7\u00e3o da Madeira<\/strong><br><strong>Rua dos Aranhas n.\u00ba 24 e 26,<\/strong><br><strong>9000-044 Funchal<\/strong><br><strong>Portugal<\/strong><\/p>\n\n\n\n<p><strong>Interpretation and Jurisdiction<\/strong><br>The interpretation of&nbsp;these Terms and Conditions of use, as well as the settlement&nbsp;of disputes arising&nbsp;from&nbsp;this website shall be regulated solely by the Law and the Portuguese courts.<\/p>\n","protected":false},"excerpt":{"rendered":"<p>General ConditionsThis website is administered by the Madeira Promotion Bureau for the Autonomous Region of Madeira and aims to provide information to users wanting access to information on the sector, and to promote the (active) tourism activities currently available in the archipelago of Madeira, and the companies affiliated to the project of the Brand \u2013 &hellip; <a href=\"https:\/\/madeiraandportosanto.belongstoall.com\/fr\/termes-et-conditions\/\">Continued<\/a><\/p>\n","protected":false},"author":3,"featured_media":0,"parent":0,"menu_order":0,"comment_status":"closed","ping_status":"closed","template":"page-legal.blade.php","meta":[],"acf":[],"yoast_head":"<!-- This site is optimized with the Yoast SEO plugin v17.8 - https:\/\/yoast.com\/wordpress\/plugins\/seo\/ -->\n<title>Termes et conditions - Madeira<\/title>\n<meta name=\"robots\" content=\"index, follow, max-snippet:-1, max-image-preview:large, max-video-preview:-1\" \/>\n<link rel=\"canonical\" href=\"https:\/\/madeiraandportosanto.belongstoall.com\/fr\/termes-et-conditions\/\" \/>\n<meta property=\"og:locale\" content=\"fr_FR\" \/>\n<meta property=\"og:type\" content=\"article\" \/>\n<meta property=\"og:title\" content=\"Termes et conditions - Madeira\" \/>\n<meta property=\"og:description\" content=\"General ConditionsThis website is administered by the Madeira Promotion Bureau for the Autonomous Region of Madeira and aims to provide information to users wanting access to information on the sector, and to promote the (active) tourism activities currently available in the archipelago of Madeira, and the companies affiliated to the project of the Brand \u2013 &hellip; Continued\" \/>\n<meta property=\"og:url\" content=\"https:\/\/madeiraandportosanto.belongstoall.com\/fr\/termes-et-conditions\/\" \/>\n<meta property=\"og:site_name\" content=\"Madeira\" \/>\n<meta property=\"article:modified_time\" content=\"2022-03-30T16:37:54+00:00\" \/>\n<meta name=\"twitter:card\" content=\"summary_large_image\" \/>\n<meta name=\"twitter:label1\" content=\"Est. reading time\" \/>\n\t<meta name=\"twitter:data1\" content=\"6 minutes\" \/>\n<script type=\"application\/ld+json\" class=\"yoast-schema-graph\">{\"@context\":\"https:\/\/schema.org\",\"@graph\":[{\"@type\":\"WebSite\",\"@id\":\"https:\/\/mpb-brochura.dev2.server.diamondbybold.com\/#website\",\"url\":\"https:\/\/mpb-brochura.dev2.server.diamondbybold.com\/\",\"name\":\"Madeira\",\"description\":\"Madeira Brochura digital\",\"potentialAction\":[{\"@type\":\"SearchAction\",\"target\":{\"@type\":\"EntryPoint\",\"urlTemplate\":\"https:\/\/mpb-brochura.dev2.server.diamondbybold.com\/?s={search_term_string}\"},\"query-input\":\"required name=search_term_string\"}],\"inLanguage\":\"fr-FR\"},{\"@type\":\"WebPage\",\"@id\":\"https:\/\/madeiraandportosanto.belongstoall.com\/fr\/termes-et-conditions\/#webpage\",\"url\":\"https:\/\/madeiraandportosanto.belongstoall.com\/fr\/termes-et-conditions\/\",\"name\":\"Termes et conditions - Madeira\",\"isPartOf\":{\"@id\":\"https:\/\/mpb-brochura.dev2.server.diamondbybold.com\/#website\"},\"datePublished\":\"2022-03-30T16:37:53+00:00\",\"dateModified\":\"2022-03-30T16:37:54+00:00\",\"breadcrumb\":{\"@id\":\"https:\/\/madeiraandportosanto.belongstoall.com\/fr\/termes-et-conditions\/#breadcrumb\"},\"inLanguage\":\"fr-FR\",\"potentialAction\":[{\"@type\":\"ReadAction\",\"target\":[\"https:\/\/madeiraandportosanto.belongstoall.com\/fr\/termes-et-conditions\/\"]}]},{\"@type\":\"BreadcrumbList\",\"@id\":\"https:\/\/madeiraandportosanto.belongstoall.com\/fr\/termes-et-conditions\/#breadcrumb\",\"itemListElement\":[{\"@type\":\"ListItem\",\"position\":1,\"name\":\"Home\",\"item\":\"https:\/\/madeiraandportosanto.belongstoall.com\/fr\/\"},{\"@type\":\"ListItem\",\"position\":2,\"name\":\"Termes et conditions\"}]}]}<\/script>\n<!-- \/ Yoast SEO plugin. -->","yoast_head_json":{"title":"Termes et conditions - Madeira","robots":{"index":"index","follow":"follow","max-snippet":"max-snippet:-1","max-image-preview":"max-image-preview:large","max-video-preview":"max-video-preview:-1"},"canonical":"https:\/\/madeiraandportosanto.belongstoall.com\/fr\/termes-et-conditions\/","og_locale":"fr_FR","og_type":"article","og_title":"Termes et conditions - Madeira","og_description":"General ConditionsThis website is administered by the Madeira Promotion Bureau for the Autonomous Region of Madeira and aims to provide information to users wanting access to information on the sector, and to promote the (active) tourism activities currently available in the archipelago of Madeira, and the companies affiliated to the project of the Brand \u2013 &hellip; Continued","og_url":"https:\/\/madeiraandportosanto.belongstoall.com\/fr\/termes-et-conditions\/","og_site_name":"Madeira","article_modified_time":"2022-03-30T16:37:54+00:00","twitter_card":"summary_large_image","twitter_misc":{"Est. reading time":"6 minutes"},"schema":{"@context":"https:\/\/schema.org","@graph":[{"@type":"WebSite","@id":"https:\/\/mpb-brochura.dev2.server.diamondbybold.com\/#website","url":"https:\/\/mpb-brochura.dev2.server.diamondbybold.com\/","name":"Madeira","description":"Madeira Brochura digital","potentialAction":[{"@type":"SearchAction","target":{"@type":"EntryPoint","urlTemplate":"https:\/\/mpb-brochura.dev2.server.diamondbybold.com\/?s={search_term_string}"},"query-input":"required name=search_term_string"}],"inLanguage":"fr-FR"},{"@type":"WebPage","@id":"https:\/\/madeiraandportosanto.belongstoall.com\/fr\/termes-et-conditions\/#webpage","url":"https:\/\/madeiraandportosanto.belongstoall.com\/fr\/termes-et-conditions\/","name":"Termes et conditions - Madeira","isPartOf":{"@id":"https:\/\/mpb-brochura.dev2.server.diamondbybold.com\/#website"},"datePublished":"2022-03-30T16:37:53+00:00","dateModified":"2022-03-30T16:37:54+00:00","breadcrumb":{"@id":"https:\/\/madeiraandportosanto.belongstoall.com\/fr\/termes-et-conditions\/#breadcrumb"},"inLanguage":"fr-FR","potentialAction":[{"@type":"ReadAction","target":["https:\/\/madeiraandportosanto.belongstoall.com\/fr\/termes-et-conditions\/"]}]},{"@type":"BreadcrumbList","@id":"https:\/\/madeiraandportosanto.belongstoall.com\/fr\/termes-et-conditions\/#breadcrumb","itemListElement":[{"@type":"ListItem","position":1,"name":"Home","item":"https:\/\/madeiraandportosanto.belongstoall.com\/fr\/"},{"@type":"ListItem","position":2,"name":"Termes et conditions"}]}]}},"_links":{"self":[{"href":"https:\/\/madeiraandportosanto.belongstoall.com\/fr\/wp-json\/wp\/v2\/pages\/2501"}],"collection":[{"href":"https:\/\/madeiraandportosanto.belongstoall.com\/fr\/wp-json\/wp\/v2\/pages"}],"about":[{"href":"https:\/\/madeiraandportosanto.belongstoall.com\/fr\/wp-json\/wp\/v2\/types\/page"}],"author":[{"embeddable":true,"href":"https:\/\/madeiraandportosanto.belongstoall.com\/fr\/wp-json\/wp\/v2\/users\/3"}],"replies":[{"embeddable":true,"href":"https:\/\/madeiraandportosanto.belongstoall.com\/fr\/wp-json\/wp\/v2\/comments?post=2501"}],"version-history":[{"count":1,"href":"https:\/\/madeiraandportosanto.belongstoall.com\/fr\/wp-json\/wp\/v2\/pages\/2501\/revisions"}],"predecessor-version":[{"id":2502,"href":"https:\/\/madeiraandportosanto.belongstoall.com\/fr\/wp-json\/wp\/v2\/pages\/2501\/revisions\/2502"}],"wp:attachment":[{"href":"https:\/\/madeiraandportosanto.belongstoall.com\/fr\/wp-json\/wp\/v2\/media?parent=2501"}],"curies":[{"name":"wp","href":"https:\/\/api.w.org\/{rel}","templated":true}]}}