{"id":2505,"date":"2022-03-30T16:40:07","date_gmt":"2022-03-30T16:40:07","guid":{"rendered":"https:\/\/madeiraandportosanto.belongstoall.com\/?page_id=2505"},"modified":"2023-11-03T14:37:36","modified_gmt":"2023-11-03T14:37:36","slug":"politique-de-confidentialite","status":"publish","type":"page","link":"https:\/\/madeiraandportosanto.belongstoall.com\/fr\/politique-de-confidentialite\/","title":{"rendered":"Politique de confidentialit\u00e9"},"content":{"rendered":"\n<p><a href=\"https:\/\/visitmadeira.com\/media\/wy4dielk\/privacy-policy_apm_en.pdf\" target=\"_blank\" rel=\"noreferrer noopener\">Pour acc\u00e9der \u00e0 la politique de confidentialit\u00e9 d&#8217;APM, veuillez suivre ce lien.<\/a><\/p>\n","protected":false},"excerpt":{"rendered":"<p>Pour acc\u00e9der \u00e0 la politique de confidentialit\u00e9 d&#8217;APM, veuillez suivre ce lien.<\/p>\n","protected":false},"author":3,"featured_media":0,"parent":0,"menu_order":0,"comment_status":"closed","ping_status":"closed","template":"page-legal.blade.php","meta":[],"acf":[],"yoast_head":"<!-- This site is optimized with the Yoast SEO plugin v17.8 - https:\/\/yoast.com\/wordpress\/plugins\/seo\/ -->\n<title>Politique de confidentialit\u00e9 - Madeira<\/title>\n<meta name=\"robots\" content=\"index, follow, max-snippet:-1, max-image-preview:large, max-video-preview:-1\" \/>\n<link rel=\"canonical\" href=\"https:\/\/madeiraandportosanto.belongstoall.com\/fr\/politique-de-confidentialite\/\" \/>\n<meta property=\"og:locale\" content=\"fr_FR\" \/>\n<meta property=\"og:type\" content=\"article\" \/>\n<meta property=\"og:title\" content=\"Politique de confidentialit\u00e9 - Madeira\" \/>\n<meta property=\"og:description\" content=\"Pour acc\u00e9der \u00e0 la politique de confidentialit\u00e9 d&#8217;APM, veuillez suivre ce lien.\" \/>\n<meta property=\"og:url\" content=\"https:\/\/madeiraandportosanto.belongstoall.com\/fr\/politique-de-confidentialite\/\" \/>\n<meta property=\"og:site_name\" content=\"Madeira\" \/>\n<meta property=\"article:modified_time\" content=\"2023-11-03T14:37:36+00:00\" \/>\n<meta name=\"twitter:card\" content=\"summary_large_image\" \/>\n<meta name=\"twitter:label1\" content=\"Est. reading time\" \/>\n\t<meta name=\"twitter:data1\" content=\"1 minute\" \/>\n<script type=\"application\/ld+json\" class=\"yoast-schema-graph\">{\"@context\":\"https:\/\/schema.org\",\"@graph\":[{\"@type\":\"WebSite\",\"@id\":\"https:\/\/mpb-brochura.dev2.server.diamondbybold.com\/#website\",\"url\":\"https:\/\/mpb-brochura.dev2.server.diamondbybold.com\/\",\"name\":\"Madeira\",\"description\":\"Madeira Brochura digital\",\"potentialAction\":[{\"@type\":\"SearchAction\",\"target\":{\"@type\":\"EntryPoint\",\"urlTemplate\":\"https:\/\/mpb-brochura.dev2.server.diamondbybold.com\/?s={search_term_string}\"},\"query-input\":\"required name=search_term_string\"}],\"inLanguage\":\"fr-FR\"},{\"@type\":\"WebPage\",\"@id\":\"https:\/\/madeiraandportosanto.belongstoall.com\/fr\/politique-de-confidentialite\/#webpage\",\"url\":\"https:\/\/madeiraandportosanto.belongstoall.com\/fr\/politique-de-confidentialite\/\",\"name\":\"Politique de confidentialit\\u00e9 - Madeira\",\"isPartOf\":{\"@id\":\"https:\/\/mpb-brochura.dev2.server.diamondbybold.com\/#website\"},\"datePublished\":\"2022-03-30T16:40:07+00:00\",\"dateModified\":\"2023-11-03T14:37:36+00:00\",\"breadcrumb\":{\"@id\":\"https:\/\/madeiraandportosanto.belongstoall.com\/fr\/politique-de-confidentialite\/#breadcrumb\"},\"inLanguage\":\"fr-FR\",\"potentialAction\":[{\"@type\":\"ReadAction\",\"target\":[\"https:\/\/madeiraandportosanto.belongstoall.com\/fr\/politique-de-confidentialite\/\"]}]},{\"@type\":\"BreadcrumbList\",\"@id\":\"https:\/\/madeiraandportosanto.belongstoall.com\/fr\/politique-de-confidentialite\/#breadcrumb\",\"itemListElement\":[{\"@type\":\"ListItem\",\"position\":1,\"name\":\"Home\",\"item\":\"https:\/\/madeiraandportosanto.belongstoall.com\/fr\/\"},{\"@type\":\"ListItem\",\"position\":2,\"name\":\"Politique de confidentialit\\u00e9\"}]}]}<\/script>\n<!-- \/ Yoast SEO plugin. -->","yoast_head_json":{"title":"Politique de confidentialit\u00e9 - Madeira","robots":{"index":"index","follow":"follow","max-snippet":"max-snippet:-1","max-image-preview":"max-image-preview:large","max-video-preview":"max-video-preview:-1"},"canonical":"https:\/\/madeiraandportosanto.belongstoall.com\/fr\/politique-de-confidentialite\/","og_locale":"fr_FR","og_type":"article","og_title":"Politique de confidentialit\u00e9 - Madeira","og_description":"Pour acc\u00e9der \u00e0 la politique de confidentialit\u00e9 d&#8217;APM, veuillez suivre ce lien.","og_url":"https:\/\/madeiraandportosanto.belongstoall.com\/fr\/politique-de-confidentialite\/","og_site_name":"Madeira","article_modified_time":"2023-11-03T14:37:36+00:00","twitter_card":"summary_large_image","twitter_misc":{"Est. reading time":"1 minute"},"schema":{"@context":"https:\/\/schema.org","@graph":[{"@type":"WebSite","@id":"https:\/\/mpb-brochura.dev2.server.diamondbybold.com\/#website","url":"https:\/\/mpb-brochura.dev2.server.diamondbybold.com\/","name":"Madeira","description":"Madeira Brochura digital","potentialAction":[{"@type":"SearchAction","target":{"@type":"EntryPoint","urlTemplate":"https:\/\/mpb-brochura.dev2.server.diamondbybold.com\/?s={search_term_string}"},"query-input":"required name=search_term_string"}],"inLanguage":"fr-FR"},{"@type":"WebPage","@id":"https:\/\/madeiraandportosanto.belongstoall.com\/fr\/politique-de-confidentialite\/#webpage","url":"https:\/\/madeiraandportosanto.belongstoall.com\/fr\/politique-de-confidentialite\/","name":"Politique de confidentialit\u00e9 - Madeira","isPartOf":{"@id":"https:\/\/mpb-brochura.dev2.server.diamondbybold.com\/#website"},"datePublished":"2022-03-30T16:40:07+00:00","dateModified":"2023-11-03T14:37:36+00:00","breadcrumb":{"@id":"https:\/\/madeiraandportosanto.belongstoall.com\/fr\/politique-de-confidentialite\/#breadcrumb"},"inLanguage":"fr-FR","potentialAction":[{"@type":"ReadAction","target":["https:\/\/madeiraandportosanto.belongstoall.com\/fr\/politique-de-confidentialite\/"]}]},{"@type":"BreadcrumbList","@id":"https:\/\/madeiraandportosanto.belongstoall.com\/fr\/politique-de-confidentialite\/#breadcrumb","itemListElement":[{"@type":"ListItem","position":1,"name":"Home","item":"https:\/\/madeiraandportosanto.belongstoall.com\/fr\/"},{"@type":"ListItem","position":2,"name":"Politique de confidentialit\u00e9"}]}]}},"_links":{"self":[{"href":"https:\/\/madeiraandportosanto.belongstoall.com\/fr\/wp-json\/wp\/v2\/pages\/2505"}],"collection":[{"href":"https:\/\/madeiraandportosanto.belongstoall.com\/fr\/wp-json\/wp\/v2\/pages"}],"about":[{"href":"https:\/\/madeiraandportosanto.belongstoall.com\/fr\/wp-json\/wp\/v2\/types\/page"}],"author":[{"embeddable":true,"href":"https:\/\/madeiraandportosanto.belongstoall.com\/fr\/wp-json\/wp\/v2\/users\/3"}],"replies":[{"embeddable":true,"href":"https:\/\/madeiraandportosanto.belongstoall.com\/fr\/wp-json\/wp\/v2\/comments?post=2505"}],"version-history":[{"count":2,"href":"https:\/\/madeiraandportosanto.belongstoall.com\/fr\/wp-json\/wp\/v2\/pages\/2505\/revisions"}],"predecessor-version":[{"id":7438,"href":"https:\/\/madeiraandportosanto.belongstoall.com\/fr\/wp-json\/wp\/v2\/pages\/2505\/revisions\/7438"}],"wp:attachment":[{"href":"https:\/\/madeiraandportosanto.belongstoall.com\/fr\/wp-json\/wp\/v2\/media?parent=2505"}],"curies":[{"name":"wp","href":"https:\/\/api.w.org\/{rel}","templated":true}]}}