{"id":7170,"date":"2022-02-09T19:45:01","date_gmt":"2022-02-09T19:45:01","guid":{"rendered":"https:\/\/madeiraandportosanto.belongstoall.com\/terms-and-conditions\/"},"modified":"2022-02-09T19:45:01","modified_gmt":"2022-02-09T19:45:01","slug":"terms-and-conditions","status":"publish","type":"page","link":"https:\/\/madeiraandportosanto.belongstoall.com\/gb\/terms-and-conditions\/","title":{"rendered":"Terms and conditions"},"content":{"rendered":"\n<p><strong>General Conditions<\/strong><br>This website is administered by the Madeira Promotion Bureau for the Autonomous Region of Madeira and aims to provide information to users wanting access to information on the sector, and to promote the (active) tourism activities currently available in the archipelago of Madeira, and the companies affiliated to the project of the Brand \u2013 Explore Madeira.<\/p>\n\n\n\n<p>Prior to any consultation of this website, please take the time to read these Terms and Conditions carefully as using the website means that you agree to be bound by these Terms and Conditions.<\/p>\n\n\n\n<p>The Madeira Promotion Bureau reserves the right to change, at any time, the terms and conditions of use oThe Madeira Promotion Bureau for the Autonomous Region of Madeira reserves the right to amend the Terms and Conditions for the use of this website at any time, so we recommend you re-read these Terms and Conditions each time you\u00a0access\u00a0the\u00a0website.<\/p>\n\n\n\n<p>Additional information may be obtained by the Madeira Promotion Bureau for the Autonomous Region of Madeira through the contact section available on the website menu.<\/p>\n\n\n\n<p><strong><strong>Copyright<\/strong><br><\/strong>All content on this website, including text, photos, images, illustrations, drawings, graphics, pictures, trademarks, video clips, or other distinguishing marks susceptible to\u00a0industrial and\u00a0commercial\u00a0use, is the property of the Madeira Promotion Bureau for the Autonomous Region of Madeira and is\u00a0protected\u00a0under general\u00a0law and\u00a0by\u00a0the legislation on\u00a0intellectual and industrial property , copyright and related rights. None of this material may be used outside the website without the prior written permission of\u00a0the Madeira Promotion Bureau.<\/p>\n\n\n\n<p>Notwithstanding the above, the user is authorized to browse, reproduce extracts of content from this Without prejudice to\u00a0the\u00a0foregoing, the user is permitted\u00a0to\u00a0browse\u00a0this website, reproduce\u00a0extracts by\u00a0way of printing, downloading or for the purposes of distribution to other individuals. This situation is only allowed under the condition that all authorial rights and other intellectual rights are respected, and provided that the above-mentioned brand is duly mentioned in any reproduction.<\/p>\n\n\n\n<p>No full or partial reproduction of this website may be used for commercial purposes, nor shall it be modified or incorporated in any other work, publication or website.<\/p>\n\n\n\n<p>It is expressly forbidden to use the Website for illegal purposes or for purposes that may be considered unworthy of the image of the Madeira Promotion Association and the Brand &#8220;Madeira. So Yours&#8221;.<br>The usage of\u00a0the\u00a0site\u00a0for\u00a0illegal\u00a0purposes and any other purposes that may be considered undignified for the Madeira Promotion Bureau and the Explore Madeira brand is expressly prohibited.<\/p>\n\n\n\n<p>Usurpation, counterfeiting, exploitation of&nbsp;the usurped&nbsp;or&nbsp;counterfeited&nbsp;content,&nbsp;unlawful identification and unfair competition are punishable by criminal law.<\/p>\n\n\n\n<p>Madeira Promotion Bureau reserves its right to&nbsp;act judicially against the authors of&nbsp;any&nbsp;copy,&nbsp;reproduction or another unauthorized use&nbsp;of the elements contained in this site.<\/p>\n\n\n\n<p><strong><strong>Liability<\/strong><\/strong><br>Madeira Promotion Bureau will\u00a0do\u00a0its utmost to ensure\u00a0that the information and facts contained on this website are the best and most relevant within the resources available.<br>The Madeira Promotion Bureau undertakes all endeavors and diligences to maintain the website\u2019s normal functioning, with availability and continuity considering the existing human and technical resources.<\/p>\n\n\n\n<p>However, no guarantee of any kind, whether implicit or explicit, is given for the accuracy of the information provided on the website, and no\u00a0responsibility\u00a0is assumed for the direct or indirect consequences which may result from its use.<\/p>\n\n\n\n<p>AIt\u00a0is recommended that\u00a0the users\u00a0contact\u00a0Madeira Promotion Bureau directly. All contents of this website are subject to change at any time\u00a0without prior notice. Should any user find any inaccurate or outdated information, would they please advise Madeira Promotion Bureau so that it may be amended.<\/p>\n\n\n\n<p>Madeira Promotion Bureau shall have no liability or any responsibility whatsoever for any loss suffered caused by viruses that may infect your computer equipment or other property by reason of your use of, access to or downloading of any material from this website. To\u00a0the fullest extent permitted by applicable law, Madeira Promotion Bureau shall not be liable for any\u00a0indirect\u00a0or\u00a0consequential damages or expenses of\u00a0any\u00a0kind, including without limitation, loss of earnings, business interruption, loss of data or inability to use the website.<\/p>\n\n\n\n<p><strong>Links to Other Websites<\/strong><br>The website information is sometimes linked to external sites over which the Madeira Promotion Bureau has no control, and for which the Madeira Promotion Bureau does not take any responsibility. Madeira Promotion Bureau does not assume any assumption of responsibility for the content, information accuracy or privacy policies of third party web sites. The portal may provide access to links to other websites unrelated to Madeira Promotion Bureau. However, it is not liable for the respective contents. For this reason we recommend that you carefully read the legal information and privacy policy of every website you visit.<\/p>\n\n\n\n<p><strong>Complaints<\/strong><br>If\u00a0the user\/organisation believes its copyright\u00a0or the\u00a0copyright\u00a0of another has\u00a0been infringed on this website, please provide Madeira Promotion Bureau with a written notice containing the following information:<br>(a) name, address, telephone number and e-mail address;<br>((a) Name, address, phone\u00a0number\u00a0and e-mail address;<br>(b) A description\u00a0of\u00a0the\u00a0copyrighted\u00a0work\u00a0that\u00a0you claim has been infringed;<br>(c) The exact URL or a\u00a0description of the location where the copyrighted work exists.<br>(d) A\u00a0statement by\u00a0the user that he\u00a0believes, in\u00a0good\u00a0faith, that\u00a0the disputed use is not authorized by the copyright owner, its agent, or the law;<br>(e) The user\u2019s or his legal representative\u2019s handwritten or electronic signature; and<br>(f) A\u00a0sworn or authenticated declaration justifying the correctness of the information set out in the communication and that the user is the copyright owner or its legal representative.<\/p>\n\n\n\n<p>The communication should be sent via email to <a href=\"mailto:geral@ap-madeira.pt\" target=\"_blank\" rel=\"noreferrer noopener\">geral@ap-madeira.pt<\/a> or to the following address:<br><strong>Associa\u00e7\u00e3o de Promo\u00e7\u00e3o da Madeira<\/strong><br><strong>Rua dos Aranhas n.\u00ba 24 e 26,<\/strong><br><strong>9000-044 Funchal<\/strong><br><strong>Portugal<\/strong><\/p>\n\n\n\n<p><strong>Interpretation and Jurisdiction<\/strong><br>The interpretation of\u00a0these Terms and Conditions of use, as well as the settlement\u00a0of disputes arising\u00a0from\u00a0this website shall be regulated solely by the Law and the Portuguese courts.<\/p>\n","protected":false},"excerpt":{"rendered":"<p>General ConditionsThis website is administered by the Madeira Promotion Bureau for the Autonomous Region of Madeira and aims to provide information to users wanting access to information on the sector, and to promote the (active) tourism activities currently available in the archipelago of Madeira, and the companies affiliated to the project of the Brand \u2013 &hellip; <a href=\"https:\/\/madeiraandportosanto.belongstoall.com\/gb\/terms-and-conditions\/\">Continued<\/a><\/p>\n","protected":false},"author":1,"featured_media":0,"parent":0,"menu_order":0,"comment_status":"closed","ping_status":"closed","template":"page-legal.blade.php","meta":[],"acf":[],"yoast_head":"<!-- This site is optimized with the Yoast SEO plugin v17.8 - https:\/\/yoast.com\/wordpress\/plugins\/seo\/ -->\n<title>Terms and conditions - Madeira<\/title>\n<meta name=\"robots\" content=\"index, follow, max-snippet:-1, max-image-preview:large, max-video-preview:-1\" \/>\n<link rel=\"canonical\" href=\"https:\/\/madeiraandportosanto.belongstoall.com\/gb\/terms-and-conditions\/\" \/>\n<meta property=\"og:locale\" content=\"en_GB\" \/>\n<meta property=\"og:type\" content=\"article\" \/>\n<meta property=\"og:title\" content=\"Terms and conditions - Madeira\" \/>\n<meta property=\"og:description\" content=\"General ConditionsThis website is administered by the Madeira Promotion Bureau for the Autonomous Region of Madeira and aims to provide information to users wanting access to information on the sector, and to promote the (active) tourism activities currently available in the archipelago of Madeira, and the companies affiliated to the project of the Brand \u2013 &hellip; Continued\" \/>\n<meta property=\"og:url\" content=\"https:\/\/madeiraandportosanto.belongstoall.com\/gb\/terms-and-conditions\/\" \/>\n<meta property=\"og:site_name\" content=\"Madeira\" \/>\n<meta name=\"twitter:card\" content=\"summary_large_image\" \/>\n<meta name=\"twitter:label1\" content=\"Est. reading time\" \/>\n\t<meta name=\"twitter:data1\" content=\"5 minutes\" \/>\n<script type=\"application\/ld+json\" class=\"yoast-schema-graph\">{\"@context\":\"https:\/\/schema.org\",\"@graph\":[{\"@type\":\"WebSite\",\"@id\":\"https:\/\/mpb-brochura.dev2.server.diamondbybold.com\/#website\",\"url\":\"https:\/\/mpb-brochura.dev2.server.diamondbybold.com\/\",\"name\":\"Madeira\",\"description\":\"Madeira Brochura digital\",\"potentialAction\":[{\"@type\":\"SearchAction\",\"target\":{\"@type\":\"EntryPoint\",\"urlTemplate\":\"https:\/\/mpb-brochura.dev2.server.diamondbybold.com\/?s={search_term_string}\"},\"query-input\":\"required name=search_term_string\"}],\"inLanguage\":\"en-GB\"},{\"@type\":\"WebPage\",\"@id\":\"https:\/\/madeiraandportosanto.belongstoall.com\/gb\/terms-and-conditions\/#webpage\",\"url\":\"https:\/\/madeiraandportosanto.belongstoall.com\/gb\/terms-and-conditions\/\",\"name\":\"Terms and conditions - Madeira\",\"isPartOf\":{\"@id\":\"https:\/\/mpb-brochura.dev2.server.diamondbybold.com\/#website\"},\"datePublished\":\"2022-02-09T19:45:01+00:00\",\"dateModified\":\"2022-02-09T19:45:01+00:00\",\"breadcrumb\":{\"@id\":\"https:\/\/madeiraandportosanto.belongstoall.com\/gb\/terms-and-conditions\/#breadcrumb\"},\"inLanguage\":\"en-GB\",\"potentialAction\":[{\"@type\":\"ReadAction\",\"target\":[\"https:\/\/madeiraandportosanto.belongstoall.com\/gb\/terms-and-conditions\/\"]}]},{\"@type\":\"BreadcrumbList\",\"@id\":\"https:\/\/madeiraandportosanto.belongstoall.com\/gb\/terms-and-conditions\/#breadcrumb\",\"itemListElement\":[{\"@type\":\"ListItem\",\"position\":1,\"name\":\"Home\",\"item\":\"https:\/\/madeiraandportosanto.belongstoall.com\/gb\/\"},{\"@type\":\"ListItem\",\"position\":2,\"name\":\"Terms and conditions\"}]}]}<\/script>\n<!-- \/ Yoast SEO plugin. -->","yoast_head_json":{"title":"Terms and conditions - Madeira","robots":{"index":"index","follow":"follow","max-snippet":"max-snippet:-1","max-image-preview":"max-image-preview:large","max-video-preview":"max-video-preview:-1"},"canonical":"https:\/\/madeiraandportosanto.belongstoall.com\/gb\/terms-and-conditions\/","og_locale":"en_GB","og_type":"article","og_title":"Terms and conditions - Madeira","og_description":"General ConditionsThis website is administered by the Madeira Promotion Bureau for the Autonomous Region of Madeira and aims to provide information to users wanting access to information on the sector, and to promote the (active) tourism activities currently available in the archipelago of Madeira, and the companies affiliated to the project of the Brand \u2013 &hellip; Continued","og_url":"https:\/\/madeiraandportosanto.belongstoall.com\/gb\/terms-and-conditions\/","og_site_name":"Madeira","twitter_card":"summary_large_image","twitter_misc":{"Est. reading time":"5 minutes"},"schema":{"@context":"https:\/\/schema.org","@graph":[{"@type":"WebSite","@id":"https:\/\/mpb-brochura.dev2.server.diamondbybold.com\/#website","url":"https:\/\/mpb-brochura.dev2.server.diamondbybold.com\/","name":"Madeira","description":"Madeira Brochura digital","potentialAction":[{"@type":"SearchAction","target":{"@type":"EntryPoint","urlTemplate":"https:\/\/mpb-brochura.dev2.server.diamondbybold.com\/?s={search_term_string}"},"query-input":"required name=search_term_string"}],"inLanguage":"en-GB"},{"@type":"WebPage","@id":"https:\/\/madeiraandportosanto.belongstoall.com\/gb\/terms-and-conditions\/#webpage","url":"https:\/\/madeiraandportosanto.belongstoall.com\/gb\/terms-and-conditions\/","name":"Terms and conditions - Madeira","isPartOf":{"@id":"https:\/\/mpb-brochura.dev2.server.diamondbybold.com\/#website"},"datePublished":"2022-02-09T19:45:01+00:00","dateModified":"2022-02-09T19:45:01+00:00","breadcrumb":{"@id":"https:\/\/madeiraandportosanto.belongstoall.com\/gb\/terms-and-conditions\/#breadcrumb"},"inLanguage":"en-GB","potentialAction":[{"@type":"ReadAction","target":["https:\/\/madeiraandportosanto.belongstoall.com\/gb\/terms-and-conditions\/"]}]},{"@type":"BreadcrumbList","@id":"https:\/\/madeiraandportosanto.belongstoall.com\/gb\/terms-and-conditions\/#breadcrumb","itemListElement":[{"@type":"ListItem","position":1,"name":"Home","item":"https:\/\/madeiraandportosanto.belongstoall.com\/gb\/"},{"@type":"ListItem","position":2,"name":"Terms and conditions"}]}]}},"_links":{"self":[{"href":"https:\/\/madeiraandportosanto.belongstoall.com\/gb\/wp-json\/wp\/v2\/pages\/7170"}],"collection":[{"href":"https:\/\/madeiraandportosanto.belongstoall.com\/gb\/wp-json\/wp\/v2\/pages"}],"about":[{"href":"https:\/\/madeiraandportosanto.belongstoall.com\/gb\/wp-json\/wp\/v2\/types\/page"}],"author":[{"embeddable":true,"href":"https:\/\/madeiraandportosanto.belongstoall.com\/gb\/wp-json\/wp\/v2\/users\/1"}],"replies":[{"embeddable":true,"href":"https:\/\/madeiraandportosanto.belongstoall.com\/gb\/wp-json\/wp\/v2\/comments?post=7170"}],"version-history":[{"count":0,"href":"https:\/\/madeiraandportosanto.belongstoall.com\/gb\/wp-json\/wp\/v2\/pages\/7170\/revisions"}],"wp:attachment":[{"href":"https:\/\/madeiraandportosanto.belongstoall.com\/gb\/wp-json\/wp\/v2\/media?parent=7170"}],"curies":[{"name":"wp","href":"https:\/\/api.w.org\/{rel}","templated":true}]}}