{"id":5774,"date":"2022-01-15T11:33:38","date_gmt":"2022-01-15T11:33:38","guid":{"rendered":"https:\/\/madeiraandportosanto.belongstoall.com\/home\/"},"modified":"2022-05-26T09:03:58","modified_gmt":"2022-05-26T09:03:58","slug":"home","status":"publish","type":"page","link":"https:\/\/madeiraandportosanto.belongstoall.com\/pl\/","title":{"rendered":"Wyspa Madera"},"content":{"rendered":"\n<p>Dogodnie po\u0142o\u017cony archipelag Madery to doskona\u0142e miejsce na wakacje!<\/p>\n\n\n\n<p>Archipelag Madery le\u017cy na Oceanie Atlantyckim, 1000 km od kontynentu europejskiego i 700 km od Maroka. Dzi\u0119ki codziennym po\u0142\u0105czeniom lotniczym z g\u0142\u00f3wnymi lotniskami w Europie i reszt\u0105 \u015bwiata wizyta tutaj nigdy nie by\u0142a tak \u0142atwa.<\/p>\n\n\n\n<p>Granice mo\u017cliwo\u015bci mi\u0119dzy najwy\u017cszym szczytem g\u00f3rskim a g\u0142\u0119binami oceanu wyznaczasz tylko Ty.<br>Niezale\u017cnie od tego, czy chcesz zanurzy\u0107 si\u0119 w naturze, czy sk\u0105pa\u0107 w s\u0142o\u0144cu na brzegu morza lub ch\u0142on\u0105\u0107 lokaln\u0105 kultur\u0119 i gastronomi\u0119, wyspy Madera, przez 365 dni w roku.<\/p>\n","protected":false},"excerpt":{"rendered":"<p>Dogodnie po\u0142o\u017cony archipelag Madery to doskona\u0142e miejsce na wakacje! Archipelag Madery le\u017cy na Oceanie Atlantyckim, 1000 km od kontynentu europejskiego i 700 km od Maroka. Dzi\u0119ki codziennym po\u0142\u0105czeniom lotniczym z g\u0142\u00f3wnymi lotniskami w Europie i reszt\u0105 \u015bwiata wizyta tutaj nigdy nie by\u0142a tak \u0142atwa. Granice mo\u017cliwo\u015bci mi\u0119dzy najwy\u017cszym szczytem g\u00f3rskim a g\u0142\u0119binami oceanu wyznaczasz tylko &hellip; <a href=\"https:\/\/madeiraandportosanto.belongstoall.com\/pl\/\">Continued<\/a><\/p>\n","protected":false},"author":1,"featured_media":3624,"parent":0,"menu_order":0,"comment_status":"closed","ping_status":"closed","template":"front-page.blade.php","meta":[],"acf":[],"yoast_head":"<!-- This site is optimized with the Yoast SEO plugin v17.8 - https:\/\/yoast.com\/wordpress\/plugins\/seo\/ -->\n<title>Wyspa Madera - Madeira<\/title>\n<meta name=\"robots\" content=\"index, follow, max-snippet:-1, max-image-preview:large, max-video-preview:-1\" \/>\n<link rel=\"canonical\" href=\"https:\/\/madeiraandportosanto.belongstoall.com\/pl\/\" \/>\n<meta property=\"og:locale\" content=\"pl_PL\" \/>\n<meta property=\"og:type\" content=\"article\" \/>\n<meta property=\"og:title\" content=\"Wyspa Madera - Madeira\" \/>\n<meta property=\"og:description\" content=\"Dogodnie po\u0142o\u017cony archipelag Madery to doskona\u0142e miejsce na wakacje! Archipelag Madery le\u017cy na Oceanie Atlantyckim, 1000 km od kontynentu europejskiego i 700 km od Maroka. Dzi\u0119ki codziennym po\u0142\u0105czeniom lotniczym z g\u0142\u00f3wnymi lotniskami w Europie i reszt\u0105 \u015bwiata wizyta tutaj nigdy nie by\u0142a tak \u0142atwa. Granice mo\u017cliwo\u015bci mi\u0119dzy najwy\u017cszym szczytem g\u00f3rskim a g\u0142\u0119binami oceanu wyznaczasz tylko &hellip; Continued\" \/>\n<meta property=\"og:url\" content=\"https:\/\/madeiraandportosanto.belongstoall.com\/pl\/\" \/>\n<meta property=\"og:site_name\" content=\"Madeira\" \/>\n<meta property=\"article:modified_time\" content=\"2022-05-26T09:03:58+00:00\" \/>\n<meta property=\"og:image\" content=\"https:\/\/madeiraandportosanto.belongstoall.com\/app\/uploads\/2022\/03\/Imagem_Homepage_degrade-1.jpg\" \/>\n\t<meta property=\"og:image:width\" content=\"2000\" \/>\n\t<meta property=\"og:image:height\" content=\"1340\" \/>\n<meta name=\"twitter:card\" content=\"summary_large_image\" \/>\n<meta name=\"twitter:label1\" content=\"Est. reading time\" \/>\n\t<meta name=\"twitter:data1\" content=\"1 minute\" \/>\n<script type=\"application\/ld+json\" class=\"yoast-schema-graph\">{\"@context\":\"https:\/\/schema.org\",\"@graph\":[{\"@type\":\"WebSite\",\"@id\":\"https:\/\/mpb-brochura.dev2.server.diamondbybold.com\/#website\",\"url\":\"https:\/\/mpb-brochura.dev2.server.diamondbybold.com\/\",\"name\":\"Madeira\",\"description\":\"Madeira Brochura digital\",\"potentialAction\":[{\"@type\":\"SearchAction\",\"target\":{\"@type\":\"EntryPoint\",\"urlTemplate\":\"https:\/\/mpb-brochura.dev2.server.diamondbybold.com\/?s={search_term_string}\"},\"query-input\":\"required name=search_term_string\"}],\"inLanguage\":\"pl-PL\"},{\"@type\":\"ImageObject\",\"@id\":\"https:\/\/madeiraandportosanto.belongstoall.com\/pl\/#primaryimage\",\"inLanguage\":\"pl-PL\",\"url\":\"https:\/\/madeiraandportosanto.belongstoall.com\/app\/uploads\/2022\/03\/Imagem_Homepage_degrade-1.jpg\",\"contentUrl\":\"https:\/\/madeiraandportosanto.belongstoall.com\/app\/uploads\/2022\/03\/Imagem_Homepage_degrade-1.jpg\",\"width\":2000,\"height\":1340},{\"@type\":\"WebPage\",\"@id\":\"https:\/\/madeiraandportosanto.belongstoall.com\/pl\/#webpage\",\"url\":\"https:\/\/madeiraandportosanto.belongstoall.com\/pl\/\",\"name\":\"Wyspa Madera - Madeira\",\"isPartOf\":{\"@id\":\"https:\/\/mpb-brochura.dev2.server.diamondbybold.com\/#website\"},\"primaryImageOfPage\":{\"@id\":\"https:\/\/madeiraandportosanto.belongstoall.com\/pl\/#primaryimage\"},\"datePublished\":\"2022-01-15T11:33:38+00:00\",\"dateModified\":\"2022-05-26T09:03:58+00:00\",\"breadcrumb\":{\"@id\":\"https:\/\/madeiraandportosanto.belongstoall.com\/pl\/#breadcrumb\"},\"inLanguage\":\"pl-PL\",\"potentialAction\":[{\"@type\":\"ReadAction\",\"target\":[\"https:\/\/madeiraandportosanto.belongstoall.com\/pl\/\"]}]},{\"@type\":\"BreadcrumbList\",\"@id\":\"https:\/\/madeiraandportosanto.belongstoall.com\/pl\/#breadcrumb\",\"itemListElement\":[{\"@type\":\"ListItem\",\"position\":1,\"name\":\"Home\",\"item\":\"https:\/\/madeiraandportosanto.belongstoall.com\/pl\/\"},{\"@type\":\"ListItem\",\"position\":2,\"name\":\"Wyspa Madera\"}]}]}<\/script>\n<!-- \/ Yoast SEO plugin. -->","yoast_head_json":{"title":"Wyspa Madera - Madeira","robots":{"index":"index","follow":"follow","max-snippet":"max-snippet:-1","max-image-preview":"max-image-preview:large","max-video-preview":"max-video-preview:-1"},"canonical":"https:\/\/madeiraandportosanto.belongstoall.com\/pl\/","og_locale":"pl_PL","og_type":"article","og_title":"Wyspa Madera - Madeira","og_description":"Dogodnie po\u0142o\u017cony archipelag Madery to doskona\u0142e miejsce na wakacje! Archipelag Madery le\u017cy na Oceanie Atlantyckim, 1000 km od kontynentu europejskiego i 700 km od Maroka. Dzi\u0119ki codziennym po\u0142\u0105czeniom lotniczym z g\u0142\u00f3wnymi lotniskami w Europie i reszt\u0105 \u015bwiata wizyta tutaj nigdy nie by\u0142a tak \u0142atwa. Granice mo\u017cliwo\u015bci mi\u0119dzy najwy\u017cszym szczytem g\u00f3rskim a g\u0142\u0119binami oceanu wyznaczasz tylko &hellip; Continued","og_url":"https:\/\/madeiraandportosanto.belongstoall.com\/pl\/","og_site_name":"Madeira","article_modified_time":"2022-05-26T09:03:58+00:00","og_image":[{"width":2000,"height":1340,"url":"https:\/\/madeiraandportosanto.belongstoall.com\/app\/uploads\/2022\/03\/Imagem_Homepage_degrade-1.jpg","type":"image\/jpeg"}],"twitter_card":"summary_large_image","twitter_misc":{"Est. reading time":"1 minute"},"schema":{"@context":"https:\/\/schema.org","@graph":[{"@type":"WebSite","@id":"https:\/\/mpb-brochura.dev2.server.diamondbybold.com\/#website","url":"https:\/\/mpb-brochura.dev2.server.diamondbybold.com\/","name":"Madeira","description":"Madeira Brochura digital","potentialAction":[{"@type":"SearchAction","target":{"@type":"EntryPoint","urlTemplate":"https:\/\/mpb-brochura.dev2.server.diamondbybold.com\/?s={search_term_string}"},"query-input":"required name=search_term_string"}],"inLanguage":"pl-PL"},{"@type":"ImageObject","@id":"https:\/\/madeiraandportosanto.belongstoall.com\/pl\/#primaryimage","inLanguage":"pl-PL","url":"https:\/\/madeiraandportosanto.belongstoall.com\/app\/uploads\/2022\/03\/Imagem_Homepage_degrade-1.jpg","contentUrl":"https:\/\/madeiraandportosanto.belongstoall.com\/app\/uploads\/2022\/03\/Imagem_Homepage_degrade-1.jpg","width":2000,"height":1340},{"@type":"WebPage","@id":"https:\/\/madeiraandportosanto.belongstoall.com\/pl\/#webpage","url":"https:\/\/madeiraandportosanto.belongstoall.com\/pl\/","name":"Wyspa Madera - Madeira","isPartOf":{"@id":"https:\/\/mpb-brochura.dev2.server.diamondbybold.com\/#website"},"primaryImageOfPage":{"@id":"https:\/\/madeiraandportosanto.belongstoall.com\/pl\/#primaryimage"},"datePublished":"2022-01-15T11:33:38+00:00","dateModified":"2022-05-26T09:03:58+00:00","breadcrumb":{"@id":"https:\/\/madeiraandportosanto.belongstoall.com\/pl\/#breadcrumb"},"inLanguage":"pl-PL","potentialAction":[{"@type":"ReadAction","target":["https:\/\/madeiraandportosanto.belongstoall.com\/pl\/"]}]},{"@type":"BreadcrumbList","@id":"https:\/\/madeiraandportosanto.belongstoall.com\/pl\/#breadcrumb","itemListElement":[{"@type":"ListItem","position":1,"name":"Home","item":"https:\/\/madeiraandportosanto.belongstoall.com\/pl\/"},{"@type":"ListItem","position":2,"name":"Wyspa Madera"}]}]}},"_links":{"self":[{"href":"https:\/\/madeiraandportosanto.belongstoall.com\/pl\/wp-json\/wp\/v2\/pages\/5774"}],"collection":[{"href":"https:\/\/madeiraandportosanto.belongstoall.com\/pl\/wp-json\/wp\/v2\/pages"}],"about":[{"href":"https:\/\/madeiraandportosanto.belongstoall.com\/pl\/wp-json\/wp\/v2\/types\/page"}],"author":[{"embeddable":true,"href":"https:\/\/madeiraandportosanto.belongstoall.com\/pl\/wp-json\/wp\/v2\/users\/1"}],"replies":[{"embeddable":true,"href":"https:\/\/madeiraandportosanto.belongstoall.com\/pl\/wp-json\/wp\/v2\/comments?post=5774"}],"version-history":[{"count":12,"href":"https:\/\/madeiraandportosanto.belongstoall.com\/pl\/wp-json\/wp\/v2\/pages\/5774\/revisions"}],"predecessor-version":[{"id":7363,"href":"https:\/\/madeiraandportosanto.belongstoall.com\/pl\/wp-json\/wp\/v2\/pages\/5774\/revisions\/7363"}],"wp:featuredmedia":[{"embeddable":true,"href":"https:\/\/madeiraandportosanto.belongstoall.com\/pl\/wp-json\/wp\/v2\/media\/3624"}],"wp:attachment":[{"href":"https:\/\/madeiraandportosanto.belongstoall.com\/pl\/wp-json\/wp\/v2\/media?parent=5774"}],"curies":[{"name":"wp","href":"https:\/\/api.w.org\/{rel}","templated":true}]}}